{"id":4099,"date":"2021-01-28T17:57:07","date_gmt":"2021-01-28T16:57:07","guid":{"rendered":"https:\/\/scbcientifics.iec.cat\/videos-de-cientifics\/"},"modified":"2021-02-14T12:52:09","modified_gmt":"2021-02-14T11:52:09","slug":"videos-de-cientificos","status":"publish","type":"page","link":"https:\/\/scbcientifics.iec.cat\/es\/galeria-de-videos\/videos-de-cientificos\/","title":{"rendered":"V\u00eddeos de cient\u00edficos"},"content":{"rendered":"\t\t<div data-elementor-type=\"wp-page\" data-elementor-id=\"4099\" class=\"elementor elementor-4099 elementor-3213\" data-elementor-post-type=\"page\">\n\t\t\t\t\t\t<section class=\"elementor-section elementor-top-section elementor-element elementor-element-b03a486 elementor-section-boxed elementor-section-height-default elementor-section-height-default\" data-id=\"b03a486\" data-element_type=\"section\" data-e-type=\"section\">\n\t\t\t\t\t\t<div class=\"elementor-container elementor-column-gap-default\">\n\t\t\t\t\t<div class=\"elementor-column elementor-col-100 elementor-top-column elementor-element elementor-element-cb51b01\" data-id=\"cb51b01\" data-element_type=\"column\" data-e-type=\"column\">\n\t\t\t<div class=\"elementor-widget-wrap elementor-element-populated\">\n\t\t\t\t\t\t<div class=\"elementor-element elementor-element-92cd4dd elementor-widget elementor-widget-shortcode\" data-id=\"92cd4dd\" data-element_type=\"widget\" data-e-type=\"widget\" data-widget_type=\"shortcode.default\">\n\t\t\t\t<div class=\"elementor-widget-container\">\n\t\t\t\t\t\t\t<div class=\"elementor-shortcode\"><div id=\"galeria-videos\"><div class=\"slot-video\"><h5>Cient\u00edfico: Par\u00e9s Farr\u00e0s, Ramon<\/h4><h4 class=\"primary\">15 minuts amb... Ramon Par\u00e9s i Farr\u00e0s<\/h4><p>Entrevista a Ramon Par\u00e9s y Farr\u00e0s, catedr\u00e1tico em\u00e9rito de Microbiolog\u00eda de la Universidad de Barcelona, \u200b\u200ba cargo de Joan Jofre y Torroella, catedr\u00e1tico em\u00e9rito de Microbiolog\u00eda de la UB y disc\u00edpulo del profesor Par\u00e9s. En la conversaci\u00f3n el doctor Par\u00e9s, decano de la Facultad de Biolog\u00eda, entre 1968 y 1973, diserta sobre diversos aspectos de su vida profesional y docente. La entrevista tiene lugar en el Paraninfo del Edificio Hist\u00f3rico, el 30 de mayo de 2013. Idioma: CAT  <\/p><div><a href=\"https:\/\/www.ub.edu\/ubtv\/es\/video\/15-minuts-ambramon-pares\" target=\"_blank\">15 minuts amb... Ramon Par\u00e9s i Farr\u00e0s<\/a><\/div><\/div><div class=\"slot-video\"><h5>Cient\u00edfico: Reguant Serra, Salvador<\/h4><h4 class=\"primary\">15 minuts amb... Salvador Reguant<\/h4><p>Entrevista a Salvador Reguant, catedr&aacute;tico del Departamento de Estratigraf&iacute;a, Paleontolog&iacute;a y Geociencias Marinas de la Facultad de Geolog&iacute;a de la Universidad de Barcelona (UB), a cargo de Mariano Marzo, profesor catedr&aacute;tico de universidad del Departamento de Estratigraf&iacute;a, Paleontolog&iacute;a y Geociencias Marinas de la UB.   Idioma: CAT<\/p><div><a href=\"https:\/\/www.ub.edu\/ubtv\/es\/video\/15-minuts-amb-salvador-reguant\" target=\"_blank\">15 minuts amb... Salvador Reguant<\/a><\/div><\/div><div class=\"slot-video\"><h5>Cient\u00edfico: Sierra R\u00e0fols, Eugeni<\/h4><h4 class=\"primary\">Bot\u00e0nica \u00edntima<\/h4><p>Bot&agrave;nica &iacute;ntima, audiovisual de la exposici&oacute;n &laquo;Descobrir Eugeni Sierra: les passes d&#39;un il&middot;lustrador internacional.   Idioma: CAT  Subt&iacute;tulos: ESP, ENG <\/p><div><iframe src=\"\/\/player.vimeo.com\/video\/26807051\" width=\"940\" height=\"529\" frameborder=\"0\" webkitallowfullscreen mozallowfullscreen allowfullscreen><\/iframe> <p><a href=\"http:\/\/vimeo.com\/26807051\">Bot\u00e0nica \u00edntima EUGENI SIERRA<\/a> from <a href=\"http:\/\/vimeo.com\/user592860\">Miguel Figuerola<\/a> on <a href=\"https:\/\/vimeo.com\">Vimeo<\/a>.<\/p><\/div><\/div><div class=\"slot-video\"><h5>Cient\u00edfico: Sabater Pi, Jordi<\/h4><h4 class=\"primary\">Dr. Jordi Sabater Pi. Una vida dedicada a la naturaleza y a la investigaci\u00f3n<\/h4><p>&laquo;Dr. Jordi Sabater Pi. Una vida dedicada a la naturaleza y a la investigaci&oacute;n&raquo;. Universitat de Barcelona.&nbsp;   Idioma: CAT<\/p><div><iframe width=\"960\" height=\"540\" src=\"\/\/www.youtube.com\/embed\/QIdeAXI_AlI\" frameborder=\"0\" allowfullscreen><\/iframe><\/div><\/div><\/div><\/div>\n\t\t\t\t\t\t<\/div>\n\t\t\t\t<\/div>\n\t\t\t\t\t<\/div>\n\t\t<\/div>\n\t\t\t\t\t<\/div>\n\t\t<\/section>\n\t\t\t\t<\/div>\n\t\t","protected":false},"excerpt":{"rendered":"","protected":false},"author":1,"featured_media":0,"parent":4103,"menu_order":0,"comment_status":"closed","ping_status":"closed","template":"","meta":{"_acf_changed":false,"footnotes":""},"class_list":["post-4099","page","type-page","status-publish","hentry"],"acf":[],"yoast_head":"<!-- This site is optimized with the Yoast SEO plugin v27.3 - https:\/\/yoast.com\/product\/yoast-seo-wordpress\/ -->\n<title>V\u00eddeos de cient\u00edficos &#171; Galeria Biogr\u00e0fica de la Ci\u00e8ncia i la T\u00e8cnica Catalanes<\/title>\n<meta name=\"robots\" content=\"index, follow, max-snippet:-1, max-image-preview:large, max-video-preview:-1\" \/>\n<link rel=\"canonical\" href=\"https:\/\/scbcientifics.iec.cat\/es\/galeria-de-videos\/videos-de-cientificos\/\" \/>\n<meta property=\"og:locale\" content=\"es_ES\" \/>\n<meta property=\"og:type\" content=\"article\" \/>\n<meta property=\"og:title\" content=\"V\u00eddeos de cient\u00edficos &#171; Galeria Biogr\u00e0fica de la Ci\u00e8ncia i la T\u00e8cnica Catalanes\" \/>\n<meta property=\"og:url\" content=\"https:\/\/scbcientifics.iec.cat\/es\/galeria-de-videos\/videos-de-cientificos\/\" \/>\n<meta property=\"og:site_name\" content=\"Galeria Biogr\u00e0fica de la Ci\u00e8ncia i la T\u00e8cnica Catalanes\" \/>\n<meta property=\"article:modified_time\" content=\"2021-02-14T11:52:09+00:00\" \/>\n<meta name=\"twitter:card\" content=\"summary_large_image\" \/>\n<meta name=\"twitter:label1\" content=\"Tiempo de lectura\" \/>\n\t<meta name=\"twitter:data1\" content=\"1 minuto\" \/>\n<script type=\"application\/ld+json\" class=\"yoast-schema-graph\">{\"@context\":\"https:\\\/\\\/schema.org\",\"@graph\":[{\"@type\":\"WebPage\",\"@id\":\"https:\\\/\\\/scbcientifics.iec.cat\\\/es\\\/galeria-de-videos\\\/videos-de-cientificos\\\/\",\"url\":\"https:\\\/\\\/scbcientifics.iec.cat\\\/es\\\/galeria-de-videos\\\/videos-de-cientificos\\\/\",\"name\":\"V\u00eddeos de cient\u00edficos &#171; Galeria Biogr\u00e0fica de la Ci\u00e8ncia i la T\u00e8cnica Catalanes\",\"isPartOf\":{\"@id\":\"https:\\\/\\\/scbcientifics.iec.cat\\\/es\\\/#website\"},\"datePublished\":\"2021-01-28T16:57:07+00:00\",\"dateModified\":\"2021-02-14T11:52:09+00:00\",\"breadcrumb\":{\"@id\":\"https:\\\/\\\/scbcientifics.iec.cat\\\/es\\\/galeria-de-videos\\\/videos-de-cientificos\\\/#breadcrumb\"},\"inLanguage\":\"es\",\"potentialAction\":[{\"@type\":\"ReadAction\",\"target\":[\"https:\\\/\\\/scbcientifics.iec.cat\\\/es\\\/galeria-de-videos\\\/videos-de-cientificos\\\/\"]}]},{\"@type\":\"BreadcrumbList\",\"@id\":\"https:\\\/\\\/scbcientifics.iec.cat\\\/es\\\/galeria-de-videos\\\/videos-de-cientificos\\\/#breadcrumb\",\"itemListElement\":[{\"@type\":\"ListItem\",\"position\":1,\"name\":\"Portada\",\"item\":\"https:\\\/\\\/scbcientifics.iec.cat\\\/es\\\/\"},{\"@type\":\"ListItem\",\"position\":2,\"name\":\"Galer\u00eda de v\u00eddeos\",\"item\":\"https:\\\/\\\/scbcientifics.iec.cat\\\/es\\\/galeria-de-videos\\\/\"},{\"@type\":\"ListItem\",\"position\":3,\"name\":\"V\u00eddeos de cient\u00edficos\"}]},{\"@type\":\"WebSite\",\"@id\":\"https:\\\/\\\/scbcientifics.iec.cat\\\/es\\\/#website\",\"url\":\"https:\\\/\\\/scbcientifics.iec.cat\\\/es\\\/\",\"name\":\"Galeria Biogr\u00e0fica de la Ci\u00e8ncia i la T\u00e8cnica Catalanes\",\"description\":\"Secci\u00f3 de Ci\u00e8ncies Biol\u00f2giques i Secci\u00f3 de Ci\u00e8ncies i Tecnologia de l\u2019Institut d\u2019Estudis Catalans\",\"publisher\":{\"@id\":\"https:\\\/\\\/scbcientifics.iec.cat\\\/es\\\/#organization\"},\"potentialAction\":[{\"@type\":\"SearchAction\",\"target\":{\"@type\":\"EntryPoint\",\"urlTemplate\":\"https:\\\/\\\/scbcientifics.iec.cat\\\/es\\\/?s={search_term_string}\"},\"query-input\":{\"@type\":\"PropertyValueSpecification\",\"valueRequired\":true,\"valueName\":\"search_term_string\"}}],\"inLanguage\":\"es\"},{\"@type\":\"Organization\",\"@id\":\"https:\\\/\\\/scbcientifics.iec.cat\\\/es\\\/#organization\",\"name\":\"Galer\u00eda de cient\u00edfics catalans\",\"url\":\"https:\\\/\\\/scbcientifics.iec.cat\\\/es\\\/\",\"logo\":{\"@type\":\"ImageObject\",\"inLanguage\":\"es\",\"@id\":\"https:\\\/\\\/scbcientifics.iec.cat\\\/es\\\/#\\\/schema\\\/logo\\\/image\\\/\",\"url\":\"https:\\\/\\\/scbcientifics.iec.cat\\\/wp-content\\\/uploads\\\/2020\\\/12\\\/galeria-cientifics-catalans.png\",\"contentUrl\":\"https:\\\/\\\/scbcientifics.iec.cat\\\/wp-content\\\/uploads\\\/2020\\\/12\\\/galeria-cientifics-catalans.png\",\"width\":353,\"height\":93,\"caption\":\"Galer\u00eda de cient\u00edfics catalans\"},\"image\":{\"@id\":\"https:\\\/\\\/scbcientifics.iec.cat\\\/es\\\/#\\\/schema\\\/logo\\\/image\\\/\"}}]}<\/script>\n<!-- \/ Yoast SEO plugin. -->","yoast_head_json":{"title":"V\u00eddeos de cient\u00edficos &#171; Galeria Biogr\u00e0fica de la Ci\u00e8ncia i la T\u00e8cnica Catalanes","robots":{"index":"index","follow":"follow","max-snippet":"max-snippet:-1","max-image-preview":"max-image-preview:large","max-video-preview":"max-video-preview:-1"},"canonical":"https:\/\/scbcientifics.iec.cat\/es\/galeria-de-videos\/videos-de-cientificos\/","og_locale":"es_ES","og_type":"article","og_title":"V\u00eddeos de cient\u00edficos &#171; Galeria Biogr\u00e0fica de la Ci\u00e8ncia i la T\u00e8cnica Catalanes","og_url":"https:\/\/scbcientifics.iec.cat\/es\/galeria-de-videos\/videos-de-cientificos\/","og_site_name":"Galeria Biogr\u00e0fica de la Ci\u00e8ncia i la T\u00e8cnica Catalanes","article_modified_time":"2021-02-14T11:52:09+00:00","twitter_card":"summary_large_image","twitter_misc":{"Tiempo de lectura":"1 minuto"},"schema":{"@context":"https:\/\/schema.org","@graph":[{"@type":"WebPage","@id":"https:\/\/scbcientifics.iec.cat\/es\/galeria-de-videos\/videos-de-cientificos\/","url":"https:\/\/scbcientifics.iec.cat\/es\/galeria-de-videos\/videos-de-cientificos\/","name":"V\u00eddeos de cient\u00edficos &#171; Galeria Biogr\u00e0fica de la Ci\u00e8ncia i la T\u00e8cnica Catalanes","isPartOf":{"@id":"https:\/\/scbcientifics.iec.cat\/es\/#website"},"datePublished":"2021-01-28T16:57:07+00:00","dateModified":"2021-02-14T11:52:09+00:00","breadcrumb":{"@id":"https:\/\/scbcientifics.iec.cat\/es\/galeria-de-videos\/videos-de-cientificos\/#breadcrumb"},"inLanguage":"es","potentialAction":[{"@type":"ReadAction","target":["https:\/\/scbcientifics.iec.cat\/es\/galeria-de-videos\/videos-de-cientificos\/"]}]},{"@type":"BreadcrumbList","@id":"https:\/\/scbcientifics.iec.cat\/es\/galeria-de-videos\/videos-de-cientificos\/#breadcrumb","itemListElement":[{"@type":"ListItem","position":1,"name":"Portada","item":"https:\/\/scbcientifics.iec.cat\/es\/"},{"@type":"ListItem","position":2,"name":"Galer\u00eda de v\u00eddeos","item":"https:\/\/scbcientifics.iec.cat\/es\/galeria-de-videos\/"},{"@type":"ListItem","position":3,"name":"V\u00eddeos de cient\u00edficos"}]},{"@type":"WebSite","@id":"https:\/\/scbcientifics.iec.cat\/es\/#website","url":"https:\/\/scbcientifics.iec.cat\/es\/","name":"Galeria Biogr\u00e0fica de la Ci\u00e8ncia i la T\u00e8cnica Catalanes","description":"Secci\u00f3 de Ci\u00e8ncies Biol\u00f2giques i Secci\u00f3 de Ci\u00e8ncies i Tecnologia de l\u2019Institut d\u2019Estudis Catalans","publisher":{"@id":"https:\/\/scbcientifics.iec.cat\/es\/#organization"},"potentialAction":[{"@type":"SearchAction","target":{"@type":"EntryPoint","urlTemplate":"https:\/\/scbcientifics.iec.cat\/es\/?s={search_term_string}"},"query-input":{"@type":"PropertyValueSpecification","valueRequired":true,"valueName":"search_term_string"}}],"inLanguage":"es"},{"@type":"Organization","@id":"https:\/\/scbcientifics.iec.cat\/es\/#organization","name":"Galer\u00eda de cient\u00edfics catalans","url":"https:\/\/scbcientifics.iec.cat\/es\/","logo":{"@type":"ImageObject","inLanguage":"es","@id":"https:\/\/scbcientifics.iec.cat\/es\/#\/schema\/logo\/image\/","url":"https:\/\/scbcientifics.iec.cat\/wp-content\/uploads\/2020\/12\/galeria-cientifics-catalans.png","contentUrl":"https:\/\/scbcientifics.iec.cat\/wp-content\/uploads\/2020\/12\/galeria-cientifics-catalans.png","width":353,"height":93,"caption":"Galer\u00eda de cient\u00edfics catalans"},"image":{"@id":"https:\/\/scbcientifics.iec.cat\/es\/#\/schema\/logo\/image\/"}}]}},"_links":{"self":[{"href":"https:\/\/scbcientifics.iec.cat\/es\/wp-json\/wp\/v2\/pages\/4099","targetHints":{"allow":["GET"]}}],"collection":[{"href":"https:\/\/scbcientifics.iec.cat\/es\/wp-json\/wp\/v2\/pages"}],"about":[{"href":"https:\/\/scbcientifics.iec.cat\/es\/wp-json\/wp\/v2\/types\/page"}],"author":[{"embeddable":true,"href":"https:\/\/scbcientifics.iec.cat\/es\/wp-json\/wp\/v2\/users\/1"}],"replies":[{"embeddable":true,"href":"https:\/\/scbcientifics.iec.cat\/es\/wp-json\/wp\/v2\/comments?post=4099"}],"version-history":[{"count":1,"href":"https:\/\/scbcientifics.iec.cat\/es\/wp-json\/wp\/v2\/pages\/4099\/revisions"}],"predecessor-version":[{"id":4100,"href":"https:\/\/scbcientifics.iec.cat\/es\/wp-json\/wp\/v2\/pages\/4099\/revisions\/4100"}],"up":[{"embeddable":true,"href":"https:\/\/scbcientifics.iec.cat\/es\/wp-json\/wp\/v2\/pages\/4103"}],"wp:attachment":[{"href":"https:\/\/scbcientifics.iec.cat\/es\/wp-json\/wp\/v2\/media?parent=4099"}],"curies":[{"name":"wp","href":"https:\/\/api.w.org\/{rel}","templated":true}]}}