{"id":4085,"date":"2021-01-28T17:33:49","date_gmt":"2021-01-28T16:33:49","guid":{"rendered":"https:\/\/scbcientifics.iec.cat\/galeria-dimatges\/"},"modified":"2025-10-31T10:09:35","modified_gmt":"2025-10-31T09:09:35","slug":"galeria-de-imagenes","status":"publish","type":"page","link":"https:\/\/scbcientifics.iec.cat\/es\/galeria-de-imagenes\/","title":{"rendered":"Galer\u00eda de im\u00e1genes"},"content":{"rendered":"\t\t<div data-elementor-type=\"wp-page\" data-elementor-id=\"4085\" class=\"elementor elementor-4085 elementor-3182\" data-elementor-post-type=\"page\">\n\t\t\t\t\t\t<section class=\"elementor-section elementor-top-section elementor-element elementor-element-73f546ae elementor-section-boxed elementor-section-height-default elementor-section-height-default\" data-id=\"73f546ae\" data-element_type=\"section\" data-e-type=\"section\">\n\t\t\t\t\t\t<div class=\"elementor-container elementor-column-gap-default\">\n\t\t\t\t\t<div class=\"elementor-column elementor-col-100 elementor-top-column elementor-element elementor-element-acf68d3\" data-id=\"acf68d3\" data-element_type=\"column\" data-e-type=\"column\">\n\t\t\t<div class=\"elementor-widget-wrap elementor-element-populated\">\n\t\t\t\t\t\t<div class=\"elementor-element elementor-element-55699848 elementor-widget elementor-widget-text-editor\" data-id=\"55699848\" data-element_type=\"widget\" data-e-type=\"widget\" data-widget_type=\"text-editor.default\">\n\t\t\t\t<div class=\"elementor-widget-container\">\n\t\t\t\t\t\t\t\t\t<p>Benvingut a la galeria d&#8217;imatges. Aqu\u00ed trobar\u00e0s totes les imatges dels cient\u00edfics i cient\u00edfiques presents en aquest web, aix\u00ed com altres galeries que anirem incorporant. Si us plau, clica els enlla\u00e7os de sota per veure les galeries.<\/p>\n\t\t\t\t\t\t\t\t<\/div>\n\t\t\t\t<\/div>\n\t\t\t\t\t<\/div>\n\t\t<\/div>\n\t\t\t\t\t<\/div>\n\t\t<\/section>\n\t\t\t\t<section class=\"elementor-section elementor-top-section elementor-element elementor-element-a9de880 elementor-section-boxed elementor-section-height-default elementor-section-height-default\" data-id=\"a9de880\" data-element_type=\"section\" data-e-type=\"section\">\n\t\t\t\t\t\t<div class=\"elementor-container elementor-column-gap-no\">\n\t\t\t\t\t<div class=\"elementor-column elementor-col-100 elementor-top-column elementor-element elementor-element-dc826bb\" data-id=\"dc826bb\" data-element_type=\"column\" data-e-type=\"column\">\n\t\t\t<div class=\"elementor-widget-wrap elementor-element-populated\">\n\t\t\t\t\t\t<section class=\"elementor-section elementor-inner-section elementor-element elementor-element-6e73f63 elementor-section-boxed elementor-section-height-default elementor-section-height-default\" data-id=\"6e73f63\" data-element_type=\"section\" data-e-type=\"section\">\n\t\t\t\t\t\t<div class=\"elementor-container elementor-column-gap-default\">\n\t\t\t\t\t<div class=\"elementor-column elementor-col-25 elementor-inner-column elementor-element elementor-element-cde146f\" data-id=\"cde146f\" data-element_type=\"column\" data-e-type=\"column\">\n\t\t\t<div class=\"elementor-widget-wrap elementor-element-populated\">\n\t\t\t\t\t\t<div class=\"elementor-element elementor-element-f44c3af elementor-widget elementor-widget-image\" data-id=\"f44c3af\" data-element_type=\"widget\" data-e-type=\"widget\" data-widget_type=\"image.default\">\n\t\t\t\t<div class=\"elementor-widget-container\">\n\t\t\t\t\t\t\t\t\t\t\t\t\t\t\t<img fetchpriority=\"high\" decoding=\"async\" width=\"767\" height=\"1024\" src=\"https:\/\/scbcientifics.iec.cat\/wp-content\/uploads\/2021\/01\/galeria-imatges-767x1024.png\" class=\"attachment-large size-large wp-image-3186\" alt=\"\" srcset=\"https:\/\/scbcientifics.iec.cat\/wp-content\/uploads\/2021\/01\/galeria-imatges-767x1024.png 767w, https:\/\/scbcientifics.iec.cat\/wp-content\/uploads\/2021\/01\/galeria-imatges-225x300.png 225w, https:\/\/scbcientifics.iec.cat\/wp-content\/uploads\/2021\/01\/galeria-imatges-768x1026.png 768w, https:\/\/scbcientifics.iec.cat\/wp-content\/uploads\/2021\/01\/galeria-imatges.png 792w\" sizes=\"(max-width: 767px) 100vw, 767px\" \/>\t\t\t\t\t\t\t\t\t\t\t\t\t\t\t<\/div>\n\t\t\t\t<\/div>\n\t\t\t\t\t<\/div>\n\t\t<\/div>\n\t\t\t\t<div class=\"elementor-column elementor-col-25 elementor-inner-column elementor-element elementor-element-a8a1c7c\" data-id=\"a8a1c7c\" data-element_type=\"column\" data-e-type=\"column\">\n\t\t\t<div class=\"elementor-widget-wrap elementor-element-populated\">\n\t\t\t\t\t\t<div class=\"elementor-element elementor-element-d4d0530 elementor-widget elementor-widget-heading\" data-id=\"d4d0530\" data-element_type=\"widget\" data-e-type=\"widget\" data-widget_type=\"heading.default\">\n\t\t\t\t<div class=\"elementor-widget-container\">\n\t\t\t\t\t<h4 class=\"elementor-heading-title elementor-size-default\"><a href=\"https:\/\/scbcientifics.iec.cat\/es\/galeria-de-imagenes\/galeria-de-cientificos\/\">Imatges de cient\u00edfics<\/a><\/h4>\t\t\t\t<\/div>\n\t\t\t\t<\/div>\n\t\t\t\t<div class=\"elementor-element elementor-element-5fb638e elementor-widget elementor-widget-text-editor\" data-id=\"5fb638e\" data-element_type=\"widget\" data-e-type=\"widget\" data-widget_type=\"text-editor.default\">\n\t\t\t\t<div class=\"elementor-widget-container\">\n\t\t\t\t\t\t\t\t\t<p>Recopilaci\u00f3 de totes les imatges de cient\u00edfics i cient\u00edfiques d&#8217;aquest web.<\/p>\n\t\t\t\t\t\t\t\t<\/div>\n\t\t\t\t<\/div>\n\t\t\t\t\t<\/div>\n\t\t<\/div>\n\t\t\t\t<div class=\"elementor-column elementor-col-25 elementor-inner-column elementor-element elementor-element-d614270\" data-id=\"d614270\" data-element_type=\"column\" data-e-type=\"column\">\n\t\t\t<div class=\"elementor-widget-wrap\">\n\t\t\t\t\t\t\t<\/div>\n\t\t<\/div>\n\t\t\t\t<div class=\"elementor-column elementor-col-25 elementor-inner-column elementor-element elementor-element-9c95687\" data-id=\"9c95687\" data-element_type=\"column\" data-e-type=\"column\">\n\t\t\t<div class=\"elementor-widget-wrap\">\n\t\t\t\t\t\t\t<\/div>\n\t\t<\/div>\n\t\t\t\t\t<\/div>\n\t\t<\/section>\n\t\t\t\t\t<\/div>\n\t\t<\/div>\n\t\t\t\t\t<\/div>\n\t\t<\/section>\n\t\t\t\t<\/div>\n\t\t","protected":false},"excerpt":{"rendered":"<p>Benvingut a la galeria d&#8217;imatges. Aqu\u00ed trobar\u00e0s totes les imatges dels cient\u00edfics i cient\u00edfiques presents en aquest web, aix\u00ed com altres galeries que anirem incorporant. Si us plau, clica els enlla\u00e7os de sota per veure les galeries. Imatges de cient\u00edfics Recopilaci\u00f3 de totes les imatges de cient\u00edfics i cient\u00edfiques d&#8217;aquest web.<\/p>\n","protected":false},"author":1,"featured_media":0,"parent":0,"menu_order":0,"comment_status":"closed","ping_status":"closed","template":"","meta":{"_acf_changed":false,"footnotes":""},"class_list":["post-4085","page","type-page","status-publish"],"acf":[],"yoast_head":"<!-- This site is optimized with the Yoast SEO plugin v27.1.1 - https:\/\/yoast.com\/product\/yoast-seo-wordpress\/ -->\n<title>Galer\u00eda de im\u00e1genes &#171; Galeria Biogr\u00e0fica de la Ci\u00e8ncia i la T\u00e8cnica Catalanes<\/title>\n<meta name=\"robots\" content=\"index, follow, max-snippet:-1, max-image-preview:large, max-video-preview:-1\" \/>\n<link rel=\"canonical\" href=\"https:\/\/scbcientifics.iec.cat\/es\/galeria-de-imagenes\/\" \/>\n<meta property=\"og:locale\" content=\"es_ES\" \/>\n<meta property=\"og:type\" content=\"article\" \/>\n<meta property=\"og:title\" content=\"Galer\u00eda de im\u00e1genes &#171; Galeria Biogr\u00e0fica de la Ci\u00e8ncia i la T\u00e8cnica Catalanes\" \/>\n<meta property=\"og:description\" content=\"Benvingut a la galeria d&#8217;imatges. Aqu\u00ed trobar\u00e0s totes les imatges dels cient\u00edfics i cient\u00edfiques presents en aquest web, aix\u00ed com altres galeries que anirem incorporant. Si us plau, clica els enlla\u00e7os de sota per veure les galeries. Imatges de cient\u00edfics Recopilaci\u00f3 de totes les imatges de cient\u00edfics i cient\u00edfiques d&#8217;aquest web.\" \/>\n<meta property=\"og:url\" content=\"https:\/\/scbcientifics.iec.cat\/es\/galeria-de-imagenes\/\" \/>\n<meta property=\"og:site_name\" content=\"Galeria Biogr\u00e0fica de la Ci\u00e8ncia i la T\u00e8cnica Catalanes\" \/>\n<meta property=\"article:modified_time\" content=\"2025-10-31T09:09:35+00:00\" \/>\n<meta property=\"og:image\" content=\"https:\/\/scbcientifics.iec.cat\/wp-content\/uploads\/2021\/01\/galeria-imatges-767x1024.png\" \/>\n<meta name=\"twitter:card\" content=\"summary_large_image\" \/>\n<meta name=\"twitter:label1\" content=\"Tiempo de lectura\" \/>\n\t<meta name=\"twitter:data1\" content=\"1 minuto\" \/>\n<script type=\"application\/ld+json\" class=\"yoast-schema-graph\">{\"@context\":\"https:\/\/schema.org\",\"@graph\":[{\"@type\":\"WebPage\",\"@id\":\"https:\/\/scbcientifics.iec.cat\/es\/galeria-de-imagenes\/\",\"url\":\"https:\/\/scbcientifics.iec.cat\/es\/galeria-de-imagenes\/\",\"name\":\"Galer\u00eda de im\u00e1genes &#171; Galeria Biogr\u00e0fica de la Ci\u00e8ncia i la T\u00e8cnica Catalanes\",\"isPartOf\":{\"@id\":\"https:\/\/scbcientifics.iec.cat\/es\/#website\"},\"primaryImageOfPage\":{\"@id\":\"https:\/\/scbcientifics.iec.cat\/es\/galeria-de-imagenes\/#primaryimage\"},\"image\":{\"@id\":\"https:\/\/scbcientifics.iec.cat\/es\/galeria-de-imagenes\/#primaryimage\"},\"thumbnailUrl\":\"https:\/\/scbcientifics.iec.cat\/wp-content\/uploads\/2021\/01\/galeria-imatges-767x1024.png\",\"datePublished\":\"2021-01-28T16:33:49+00:00\",\"dateModified\":\"2025-10-31T09:09:35+00:00\",\"breadcrumb\":{\"@id\":\"https:\/\/scbcientifics.iec.cat\/es\/galeria-de-imagenes\/#breadcrumb\"},\"inLanguage\":\"es\",\"potentialAction\":[{\"@type\":\"ReadAction\",\"target\":[\"https:\/\/scbcientifics.iec.cat\/es\/galeria-de-imagenes\/\"]}]},{\"@type\":\"ImageObject\",\"inLanguage\":\"es\",\"@id\":\"https:\/\/scbcientifics.iec.cat\/es\/galeria-de-imagenes\/#primaryimage\",\"url\":\"https:\/\/scbcientifics.iec.cat\/wp-content\/uploads\/2021\/01\/galeria-imatges-767x1024.png\",\"contentUrl\":\"https:\/\/scbcientifics.iec.cat\/wp-content\/uploads\/2021\/01\/galeria-imatges-767x1024.png\"},{\"@type\":\"BreadcrumbList\",\"@id\":\"https:\/\/scbcientifics.iec.cat\/es\/galeria-de-imagenes\/#breadcrumb\",\"itemListElement\":[{\"@type\":\"ListItem\",\"position\":1,\"name\":\"Portada\",\"item\":\"https:\/\/scbcientifics.iec.cat\/es\/\"},{\"@type\":\"ListItem\",\"position\":2,\"name\":\"Galer\u00eda de im\u00e1genes\"}]},{\"@type\":\"WebSite\",\"@id\":\"https:\/\/scbcientifics.iec.cat\/es\/#website\",\"url\":\"https:\/\/scbcientifics.iec.cat\/es\/\",\"name\":\"Galeria Biogr\u00e0fica de la Ci\u00e8ncia i la T\u00e8cnica Catalanes\",\"description\":\"Secci\u00f3 de Ci\u00e8ncies Biol\u00f2giques i Secci\u00f3 de Ci\u00e8ncies i Tecnologia de l\u2019Institut d\u2019Estudis Catalans\",\"publisher\":{\"@id\":\"https:\/\/scbcientifics.iec.cat\/es\/#organization\"},\"potentialAction\":[{\"@type\":\"SearchAction\",\"target\":{\"@type\":\"EntryPoint\",\"urlTemplate\":\"https:\/\/scbcientifics.iec.cat\/es\/?s={search_term_string}\"},\"query-input\":{\"@type\":\"PropertyValueSpecification\",\"valueRequired\":true,\"valueName\":\"search_term_string\"}}],\"inLanguage\":\"es\"},{\"@type\":\"Organization\",\"@id\":\"https:\/\/scbcientifics.iec.cat\/es\/#organization\",\"name\":\"Galer\u00eda de cient\u00edfics catalans\",\"url\":\"https:\/\/scbcientifics.iec.cat\/es\/\",\"logo\":{\"@type\":\"ImageObject\",\"inLanguage\":\"es\",\"@id\":\"https:\/\/scbcientifics.iec.cat\/es\/#\/schema\/logo\/image\/\",\"url\":\"https:\/\/scbcientifics.iec.cat\/wp-content\/uploads\/2020\/12\/galeria-cientifics-catalans.png\",\"contentUrl\":\"https:\/\/scbcientifics.iec.cat\/wp-content\/uploads\/2020\/12\/galeria-cientifics-catalans.png\",\"width\":353,\"height\":93,\"caption\":\"Galer\u00eda de cient\u00edfics catalans\"},\"image\":{\"@id\":\"https:\/\/scbcientifics.iec.cat\/es\/#\/schema\/logo\/image\/\"}}]}<\/script>\n<!-- \/ Yoast SEO plugin. -->","yoast_head_json":{"title":"Galer\u00eda de im\u00e1genes &#171; Galeria Biogr\u00e0fica de la Ci\u00e8ncia i la T\u00e8cnica Catalanes","robots":{"index":"index","follow":"follow","max-snippet":"max-snippet:-1","max-image-preview":"max-image-preview:large","max-video-preview":"max-video-preview:-1"},"canonical":"https:\/\/scbcientifics.iec.cat\/es\/galeria-de-imagenes\/","og_locale":"es_ES","og_type":"article","og_title":"Galer\u00eda de im\u00e1genes &#171; Galeria Biogr\u00e0fica de la Ci\u00e8ncia i la T\u00e8cnica Catalanes","og_description":"Benvingut a la galeria d&#8217;imatges. Aqu\u00ed trobar\u00e0s totes les imatges dels cient\u00edfics i cient\u00edfiques presents en aquest web, aix\u00ed com altres galeries que anirem incorporant. Si us plau, clica els enlla\u00e7os de sota per veure les galeries. Imatges de cient\u00edfics Recopilaci\u00f3 de totes les imatges de cient\u00edfics i cient\u00edfiques d&#8217;aquest web.","og_url":"https:\/\/scbcientifics.iec.cat\/es\/galeria-de-imagenes\/","og_site_name":"Galeria Biogr\u00e0fica de la Ci\u00e8ncia i la T\u00e8cnica Catalanes","article_modified_time":"2025-10-31T09:09:35+00:00","og_image":[{"url":"https:\/\/scbcientifics.iec.cat\/wp-content\/uploads\/2021\/01\/galeria-imatges-767x1024.png","type":"","width":"","height":""}],"twitter_card":"summary_large_image","twitter_misc":{"Tiempo de lectura":"1 minuto"},"schema":{"@context":"https:\/\/schema.org","@graph":[{"@type":"WebPage","@id":"https:\/\/scbcientifics.iec.cat\/es\/galeria-de-imagenes\/","url":"https:\/\/scbcientifics.iec.cat\/es\/galeria-de-imagenes\/","name":"Galer\u00eda de im\u00e1genes &#171; Galeria Biogr\u00e0fica de la Ci\u00e8ncia i la T\u00e8cnica Catalanes","isPartOf":{"@id":"https:\/\/scbcientifics.iec.cat\/es\/#website"},"primaryImageOfPage":{"@id":"https:\/\/scbcientifics.iec.cat\/es\/galeria-de-imagenes\/#primaryimage"},"image":{"@id":"https:\/\/scbcientifics.iec.cat\/es\/galeria-de-imagenes\/#primaryimage"},"thumbnailUrl":"https:\/\/scbcientifics.iec.cat\/wp-content\/uploads\/2021\/01\/galeria-imatges-767x1024.png","datePublished":"2021-01-28T16:33:49+00:00","dateModified":"2025-10-31T09:09:35+00:00","breadcrumb":{"@id":"https:\/\/scbcientifics.iec.cat\/es\/galeria-de-imagenes\/#breadcrumb"},"inLanguage":"es","potentialAction":[{"@type":"ReadAction","target":["https:\/\/scbcientifics.iec.cat\/es\/galeria-de-imagenes\/"]}]},{"@type":"ImageObject","inLanguage":"es","@id":"https:\/\/scbcientifics.iec.cat\/es\/galeria-de-imagenes\/#primaryimage","url":"https:\/\/scbcientifics.iec.cat\/wp-content\/uploads\/2021\/01\/galeria-imatges-767x1024.png","contentUrl":"https:\/\/scbcientifics.iec.cat\/wp-content\/uploads\/2021\/01\/galeria-imatges-767x1024.png"},{"@type":"BreadcrumbList","@id":"https:\/\/scbcientifics.iec.cat\/es\/galeria-de-imagenes\/#breadcrumb","itemListElement":[{"@type":"ListItem","position":1,"name":"Portada","item":"https:\/\/scbcientifics.iec.cat\/es\/"},{"@type":"ListItem","position":2,"name":"Galer\u00eda de im\u00e1genes"}]},{"@type":"WebSite","@id":"https:\/\/scbcientifics.iec.cat\/es\/#website","url":"https:\/\/scbcientifics.iec.cat\/es\/","name":"Galeria Biogr\u00e0fica de la Ci\u00e8ncia i la T\u00e8cnica Catalanes","description":"Secci\u00f3 de Ci\u00e8ncies Biol\u00f2giques i Secci\u00f3 de Ci\u00e8ncies i Tecnologia de l\u2019Institut d\u2019Estudis Catalans","publisher":{"@id":"https:\/\/scbcientifics.iec.cat\/es\/#organization"},"potentialAction":[{"@type":"SearchAction","target":{"@type":"EntryPoint","urlTemplate":"https:\/\/scbcientifics.iec.cat\/es\/?s={search_term_string}"},"query-input":{"@type":"PropertyValueSpecification","valueRequired":true,"valueName":"search_term_string"}}],"inLanguage":"es"},{"@type":"Organization","@id":"https:\/\/scbcientifics.iec.cat\/es\/#organization","name":"Galer\u00eda de cient\u00edfics catalans","url":"https:\/\/scbcientifics.iec.cat\/es\/","logo":{"@type":"ImageObject","inLanguage":"es","@id":"https:\/\/scbcientifics.iec.cat\/es\/#\/schema\/logo\/image\/","url":"https:\/\/scbcientifics.iec.cat\/wp-content\/uploads\/2020\/12\/galeria-cientifics-catalans.png","contentUrl":"https:\/\/scbcientifics.iec.cat\/wp-content\/uploads\/2020\/12\/galeria-cientifics-catalans.png","width":353,"height":93,"caption":"Galer\u00eda de cient\u00edfics catalans"},"image":{"@id":"https:\/\/scbcientifics.iec.cat\/es\/#\/schema\/logo\/image\/"}}]}},"_links":{"self":[{"href":"https:\/\/scbcientifics.iec.cat\/es\/wp-json\/wp\/v2\/pages\/4085","targetHints":{"allow":["GET"]}}],"collection":[{"href":"https:\/\/scbcientifics.iec.cat\/es\/wp-json\/wp\/v2\/pages"}],"about":[{"href":"https:\/\/scbcientifics.iec.cat\/es\/wp-json\/wp\/v2\/types\/page"}],"author":[{"embeddable":true,"href":"https:\/\/scbcientifics.iec.cat\/es\/wp-json\/wp\/v2\/users\/1"}],"replies":[{"embeddable":true,"href":"https:\/\/scbcientifics.iec.cat\/es\/wp-json\/wp\/v2\/comments?post=4085"}],"version-history":[{"count":6,"href":"https:\/\/scbcientifics.iec.cat\/es\/wp-json\/wp\/v2\/pages\/4085\/revisions"}],"predecessor-version":[{"id":5292,"href":"https:\/\/scbcientifics.iec.cat\/es\/wp-json\/wp\/v2\/pages\/4085\/revisions\/5292"}],"wp:attachment":[{"href":"https:\/\/scbcientifics.iec.cat\/es\/wp-json\/wp\/v2\/media?parent=4085"}],"curies":[{"name":"wp","href":"https:\/\/api.w.org\/{rel}","templated":true}]}}