{"id":4080,"date":"2021-01-15T13:02:42","date_gmt":"2021-01-15T12:02:42","guid":{"rendered":"https:\/\/scbcientifics.iec.cat\/per-professio\/"},"modified":"2021-02-14T12:47:05","modified_gmt":"2021-02-14T11:47:05","slug":"por-profesion","status":"publish","type":"page","link":"https:\/\/scbcientifics.iec.cat\/es\/por-profesion\/","title":{"rendered":"Por profesi\u00f3n"},"content":{"rendered":"\n<div id=\"archivo-listado-ordenado-abc\"><h3>A<\/h3><ul><li><a href=\"https:\/\/scbcientifics.iec.cat\/es\/profesiones\/algologo\/\">Alg\u00f3logo (1)<\/a><\/li><li><a href=\"https:\/\/scbcientifics.iec.cat\/es\/profesiones\/antropologo\/\">Antrop\u00f3logo (2)<\/a><\/li><li><a href=\"https:\/\/scbcientifics.iec.cat\/es\/profesiones\/astronomo\/\">Astr\u00f3nomo (5)<\/a><\/li><\/ul><h3>B<\/h3><ul><li><a href=\"https:\/\/scbcientifics.iec.cat\/es\/profesiones\/bacteriologo\/\">Bacteri\u00f3logo (1)<\/a><\/li><li><a href=\"https:\/\/scbcientifics.iec.cat\/es\/profesiones\/bibliofilo\/\">Bibli\u00f3filo (1)<\/a><\/li><li><a href=\"https:\/\/scbcientifics.iec.cat\/es\/profesiones\/biologo\/\">Bi\u00f3logo (13)<\/a><\/li><li><a href=\"https:\/\/scbcientifics.iec.cat\/es\/profesiones\/biologo-marino\/\">Bi\u00f3logo marino (1)<\/a><\/li><li><a href=\"https:\/\/scbcientifics.iec.cat\/es\/profesiones\/bioquimico\/\">Bioqu\u00edmico (5)<\/a><\/li><li><a href=\"https:\/\/scbcientifics.iec.cat\/es\/profesiones\/botanico\/\">Bot\u00e1nico (21)<\/a><\/li><\/ul><h3>C<\/h3><ul><li><a href=\"https:\/\/scbcientifics.iec.cat\/es\/profesiones\/carcinologo\/\">Carcin\u00f3logo (2)<\/a><\/li><li><a href=\"https:\/\/scbcientifics.iec.cat\/es\/profesiones\/catedratico\/\">Catedr\u00e1tico (2)<\/a><\/li><li><a href=\"https:\/\/scbcientifics.iec.cat\/es\/profesiones\/cientifico\/\">Cient\u00edfico (1)<\/a><\/li><\/ul><h3>D<\/h3><ul><li><a href=\"https:\/\/scbcientifics.iec.cat\/es\/profesiones\/dirigente-politico-y-social\/\">Dirigente pol\u00edtico y social (1)<\/a><\/li><\/ul><h3>E<\/h3><ul><li><a href=\"https:\/\/scbcientifics.iec.cat\/es\/profesiones\/ecologo\/\">Ec\u00f3logo (2)<\/a><\/li><li><a href=\"https:\/\/scbcientifics.iec.cat\/es\/profesiones\/edafologo\/\">Edaf\u00f3logo (1)<\/a><\/li><li><a href=\"https:\/\/scbcientifics.iec.cat\/es\/profesiones\/entomologo\/\">Entom\u00f3logo (2)<\/a><\/li><li><a href=\"https:\/\/scbcientifics.iec.cat\/es\/profesiones\/escritor\/\">Escritor (1)<\/a><\/li><li><a href=\"https:\/\/scbcientifics.iec.cat\/es\/profesiones\/etologo\/\">Et\u00f3logo (1)<\/a><\/li><\/ul><h3>F<\/h3><ul><li><a href=\"https:\/\/scbcientifics.iec.cat\/es\/profesiones\/farmaceutico\/\">Farmac\u00e9utico (10)<\/a><\/li><li><a href=\"https:\/\/scbcientifics.iec.cat\/es\/profesiones\/filosofo\/\">Fil\u00f3sofo (1)<\/a><\/li><li><a href=\"https:\/\/scbcientifics.iec.cat\/es\/profesiones\/fisico\/\">F\u00edsico (9)<\/a><\/li><li><a href=\"https:\/\/scbcientifics.iec.cat\/es\/profesiones\/fisiologo-animal\/\">Fisi\u00f3logo Animal (1)<\/a><\/li><\/ul><h3>G<\/h3><ul><li><a href=\"https:\/\/scbcientifics.iec.cat\/es\/profesiones\/genetista-es\/\">Genetista (2)<\/a><\/li><li><a href=\"https:\/\/scbcientifics.iec.cat\/es\/profesiones\/geografo\/\">Ge\u00f3grafo (2)<\/a><\/li><li><a href=\"https:\/\/scbcientifics.iec.cat\/es\/profesiones\/geologo\/\">Ge\u00f3logo (9)<\/a><\/li><li><a href=\"https:\/\/scbcientifics.iec.cat\/es\/profesiones\/gestor-cultural-es\/\">Gestor cultural (1)<\/a><\/li><li><a href=\"https:\/\/scbcientifics.iec.cat\/es\/profesiones\/ginecologo\/\">Ginec\u00f3logo (1)<\/a><\/li><\/ul><h3>H<\/h3><ul><li><a href=\"https:\/\/scbcientifics.iec.cat\/es\/profesiones\/hepatologo\/\">Hepat\u00f3logo (1)<\/a><\/li><\/ul><h3>I<\/h3><ul><li><a href=\"https:\/\/scbcientifics.iec.cat\/es\/profesiones\/ilustrador-cientifico\/\">Ilustrador cient\u00edfico (1)<\/a><\/li><li><a href=\"https:\/\/scbcientifics.iec.cat\/es\/profesiones\/industrial-es\/\">Industrial (2)<\/a><\/li><li><a href=\"https:\/\/scbcientifics.iec.cat\/es\/profesiones\/ingeniero\/\">Ingeniero (6)<\/a><\/li><li><a href=\"https:\/\/scbcientifics.iec.cat\/es\/profesiones\/ingeniero-de-montes\/\">Ingeniero de montes (6)<\/a><\/li><li><a href=\"https:\/\/scbcientifics.iec.cat\/es\/profesiones\/ingeniero-de-montes\/\">Ingeniero de montes (6)<\/a><\/li><li><a href=\"https:\/\/scbcientifics.iec.cat\/es\/profesiones\/ingeniero-industrial\/\">Ingeniero industrial (1)<\/a><\/li><li><a href=\"https:\/\/scbcientifics.iec.cat\/es\/profesiones\/ingeniero-tecnico\/\">Ingeniero t\u00e9cnico (2)<\/a><\/li><li><a href=\"https:\/\/scbcientifics.iec.cat\/es\/profesiones\/inventor-es\/\">Inventor (1)<\/a><\/li><li><a href=\"https:\/\/scbcientifics.iec.cat\/es\/profesiones\/investigador-es\/\">Investigador (4)<\/a><\/li><\/ul><h3>L<\/h3><ul><li><a href=\"https:\/\/scbcientifics.iec.cat\/es\/profesiones\/linguista-es\/\">Ling\u00fcista (1)<\/a><\/li><\/ul><h3>M<\/h3><ul><li><a href=\"https:\/\/scbcientifics.iec.cat\/es\/profesiones\/maestro\/\">Maestro (1)<\/a><\/li><li><a href=\"https:\/\/scbcientifics.iec.cat\/es\/profesiones\/matematico\/\">Matem\u00e1tico (11)<\/a><\/li><li><a href=\"https:\/\/scbcientifics.iec.cat\/es\/profesiones\/mecenas\/\">Mecenas (1)<\/a><\/li><li><a href=\"https:\/\/scbcientifics.iec.cat\/es\/profesiones\/medico\/\">M\u00e9dico (30)<\/a><\/li><li><a href=\"https:\/\/scbcientifics.iec.cat\/es\/profesiones\/meteorologo\/\">Meteor\u00f3logo (5)<\/a><\/li><li><a href=\"https:\/\/scbcientifics.iec.cat\/es\/profesiones\/microbiologo\/\">Microbi\u00f3logo (1)<\/a><\/li><li><a href=\"https:\/\/scbcientifics.iec.cat\/es\/profesiones\/militar-es\/\">Militar (1)<\/a><\/li><\/ul><h3>N<\/h3><ul><li><a href=\"https:\/\/scbcientifics.iec.cat\/es\/profesiones\/naturalista-es\/\">Naturalista (6)<\/a><\/li><li><a href=\"https:\/\/scbcientifics.iec.cat\/es\/profesiones\/neuroquimico\/\">Neuroqu\u00edmico (1)<\/a><\/li><\/ul><h3>O<\/h3><ul><li><a href=\"https:\/\/scbcientifics.iec.cat\/es\/profesiones\/oceanografo\/\">Ocean\u00f3grafo (2)<\/a><\/li><li><a href=\"https:\/\/scbcientifics.iec.cat\/es\/profesiones\/ornitologo\/\">Ornit\u00f3logo (1)<\/a><\/li><li><a href=\"https:\/\/scbcientifics.iec.cat\/es\/profesiones\/ortopedista-es\/\">Ortopedista (1)<\/a><\/li><\/ul><h3>P<\/h3><ul><li><a href=\"https:\/\/scbcientifics.iec.cat\/es\/profesiones\/paleontologo\/\">Paleont\u00f3logo (5)<\/a><\/li><li><a href=\"https:\/\/scbcientifics.iec.cat\/es\/profesiones\/pedagogo\/\">Pedagogo (5)<\/a><\/li><li><a href=\"https:\/\/scbcientifics.iec.cat\/es\/profesiones\/pediatra-es\/\">Pediatra (3)<\/a><\/li><li><a href=\"https:\/\/scbcientifics.iec.cat\/es\/profesiones\/politico\/\">Pol\u00edtico (4)<\/a><\/li><li><a href=\"https:\/\/scbcientifics.iec.cat\/es\/profesiones\/primatologo\/\">Primat\u00f3logo (1)<\/a><\/li><li><a href=\"https:\/\/scbcientifics.iec.cat\/es\/profesiones\/psiquiatra\/\">Psiquiatra (1)<\/a><\/li><\/ul><h3>Q<\/h3><ul><li><a href=\"https:\/\/scbcientifics.iec.cat\/es\/profesiones\/quimico\/\">Qu\u00edmico (13)<\/a><\/li><li><a href=\"https:\/\/scbcientifics.iec.cat\/es\/profesiones\/quimico-organico\/\">Qu\u00edmico org\u00e1nico (1)<\/a><\/li><\/ul><h3>S<\/h3><ul><li><a href=\"https:\/\/scbcientifics.iec.cat\/es\/profesiones\/sacerdote\/\">Sacerdote (1)<\/a><\/li><li><a href=\"https:\/\/scbcientifics.iec.cat\/es\/profesiones\/sismologo\/\">Sism\u00f3logo (1)<\/a><\/li><\/ul><h3>V<\/h3><ul><li><a href=\"https:\/\/scbcientifics.iec.cat\/es\/profesiones\/veterinario\/\">Veterinario (2)<\/a><\/li><\/ul><h3>Z<\/h3><ul><li><a href=\"https:\/\/scbcientifics.iec.cat\/es\/profesiones\/zoologo\/\">Zo\u00f3logo (4)<\/a><\/li><\/ul><\/div>\n","protected":false},"excerpt":{"rendered":"","protected":false},"author":1,"featured_media":0,"parent":0,"menu_order":0,"comment_status":"closed","ping_status":"closed","template":"","meta":{"_acf_changed":false,"footnotes":""},"class_list":["post-4080","page","type-page","status-publish"],"acf":[],"yoast_head":"<!-- This site is optimized with the Yoast SEO plugin v27.4 - https:\/\/yoast.com\/product\/yoast-seo-wordpress\/ -->\n<title>Por profesi\u00f3n &#171; Galeria Biogr\u00e0fica de la Ci\u00e8ncia i la T\u00e8cnica Catalanes<\/title>\n<meta name=\"robots\" content=\"index, follow, max-snippet:-1, max-image-preview:large, max-video-preview:-1\" \/>\n<link rel=\"canonical\" href=\"https:\/\/scbcientifics.iec.cat\/es\/por-profesion\/\" \/>\n<meta property=\"og:locale\" content=\"es_ES\" \/>\n<meta property=\"og:type\" content=\"article\" \/>\n<meta property=\"og:title\" content=\"Por profesi\u00f3n &#171; Galeria Biogr\u00e0fica de la Ci\u00e8ncia i la T\u00e8cnica Catalanes\" \/>\n<meta property=\"og:url\" content=\"https:\/\/scbcientifics.iec.cat\/es\/por-profesion\/\" \/>\n<meta property=\"og:site_name\" content=\"Galeria Biogr\u00e0fica de la Ci\u00e8ncia i la T\u00e8cnica Catalanes\" \/>\n<meta property=\"article:modified_time\" content=\"2021-02-14T11:47:05+00:00\" \/>\n<meta name=\"twitter:card\" content=\"summary_large_image\" \/>\n<meta name=\"twitter:label1\" content=\"Tiempo de lectura\" \/>\n\t<meta name=\"twitter:data1\" content=\"1 minuto\" \/>\n<script type=\"application\/ld+json\" class=\"yoast-schema-graph\">{\"@context\":\"https:\\\/\\\/schema.org\",\"@graph\":[{\"@type\":\"WebPage\",\"@id\":\"https:\\\/\\\/scbcientifics.iec.cat\\\/es\\\/por-profesion\\\/\",\"url\":\"https:\\\/\\\/scbcientifics.iec.cat\\\/es\\\/por-profesion\\\/\",\"name\":\"Por profesi\u00f3n &#171; Galeria Biogr\u00e0fica de la Ci\u00e8ncia i la T\u00e8cnica Catalanes\",\"isPartOf\":{\"@id\":\"https:\\\/\\\/scbcientifics.iec.cat\\\/es\\\/#website\"},\"datePublished\":\"2021-01-15T12:02:42+00:00\",\"dateModified\":\"2021-02-14T11:47:05+00:00\",\"breadcrumb\":{\"@id\":\"https:\\\/\\\/scbcientifics.iec.cat\\\/es\\\/por-profesion\\\/#breadcrumb\"},\"inLanguage\":\"es\",\"potentialAction\":[{\"@type\":\"ReadAction\",\"target\":[\"https:\\\/\\\/scbcientifics.iec.cat\\\/es\\\/por-profesion\\\/\"]}]},{\"@type\":\"BreadcrumbList\",\"@id\":\"https:\\\/\\\/scbcientifics.iec.cat\\\/es\\\/por-profesion\\\/#breadcrumb\",\"itemListElement\":[{\"@type\":\"ListItem\",\"position\":1,\"name\":\"Portada\",\"item\":\"https:\\\/\\\/scbcientifics.iec.cat\\\/es\\\/\"},{\"@type\":\"ListItem\",\"position\":2,\"name\":\"Por profesi\u00f3n\"}]},{\"@type\":\"WebSite\",\"@id\":\"https:\\\/\\\/scbcientifics.iec.cat\\\/es\\\/#website\",\"url\":\"https:\\\/\\\/scbcientifics.iec.cat\\\/es\\\/\",\"name\":\"Galeria Biogr\u00e0fica de la Ci\u00e8ncia i la T\u00e8cnica Catalanes\",\"description\":\"Secci\u00f3 de Ci\u00e8ncies Biol\u00f2giques i Secci\u00f3 de Ci\u00e8ncies i Tecnologia de l\u2019Institut d\u2019Estudis Catalans\",\"publisher\":{\"@id\":\"https:\\\/\\\/scbcientifics.iec.cat\\\/es\\\/#organization\"},\"potentialAction\":[{\"@type\":\"SearchAction\",\"target\":{\"@type\":\"EntryPoint\",\"urlTemplate\":\"https:\\\/\\\/scbcientifics.iec.cat\\\/es\\\/?s={search_term_string}\"},\"query-input\":{\"@type\":\"PropertyValueSpecification\",\"valueRequired\":true,\"valueName\":\"search_term_string\"}}],\"inLanguage\":\"es\"},{\"@type\":\"Organization\",\"@id\":\"https:\\\/\\\/scbcientifics.iec.cat\\\/es\\\/#organization\",\"name\":\"Galer\u00eda de cient\u00edfics catalans\",\"url\":\"https:\\\/\\\/scbcientifics.iec.cat\\\/es\\\/\",\"logo\":{\"@type\":\"ImageObject\",\"inLanguage\":\"es\",\"@id\":\"https:\\\/\\\/scbcientifics.iec.cat\\\/es\\\/#\\\/schema\\\/logo\\\/image\\\/\",\"url\":\"https:\\\/\\\/scbcientifics.iec.cat\\\/wp-content\\\/uploads\\\/2020\\\/12\\\/galeria-cientifics-catalans.png\",\"contentUrl\":\"https:\\\/\\\/scbcientifics.iec.cat\\\/wp-content\\\/uploads\\\/2020\\\/12\\\/galeria-cientifics-catalans.png\",\"width\":353,\"height\":93,\"caption\":\"Galer\u00eda de cient\u00edfics catalans\"},\"image\":{\"@id\":\"https:\\\/\\\/scbcientifics.iec.cat\\\/es\\\/#\\\/schema\\\/logo\\\/image\\\/\"}}]}<\/script>\n<!-- \/ Yoast SEO plugin. -->","yoast_head_json":{"title":"Por profesi\u00f3n &#171; Galeria Biogr\u00e0fica de la Ci\u00e8ncia i la T\u00e8cnica Catalanes","robots":{"index":"index","follow":"follow","max-snippet":"max-snippet:-1","max-image-preview":"max-image-preview:large","max-video-preview":"max-video-preview:-1"},"canonical":"https:\/\/scbcientifics.iec.cat\/es\/por-profesion\/","og_locale":"es_ES","og_type":"article","og_title":"Por profesi\u00f3n &#171; Galeria Biogr\u00e0fica de la Ci\u00e8ncia i la T\u00e8cnica Catalanes","og_url":"https:\/\/scbcientifics.iec.cat\/es\/por-profesion\/","og_site_name":"Galeria Biogr\u00e0fica de la Ci\u00e8ncia i la T\u00e8cnica Catalanes","article_modified_time":"2021-02-14T11:47:05+00:00","twitter_card":"summary_large_image","twitter_misc":{"Tiempo de lectura":"1 minuto"},"schema":{"@context":"https:\/\/schema.org","@graph":[{"@type":"WebPage","@id":"https:\/\/scbcientifics.iec.cat\/es\/por-profesion\/","url":"https:\/\/scbcientifics.iec.cat\/es\/por-profesion\/","name":"Por profesi\u00f3n &#171; Galeria Biogr\u00e0fica de la Ci\u00e8ncia i la T\u00e8cnica Catalanes","isPartOf":{"@id":"https:\/\/scbcientifics.iec.cat\/es\/#website"},"datePublished":"2021-01-15T12:02:42+00:00","dateModified":"2021-02-14T11:47:05+00:00","breadcrumb":{"@id":"https:\/\/scbcientifics.iec.cat\/es\/por-profesion\/#breadcrumb"},"inLanguage":"es","potentialAction":[{"@type":"ReadAction","target":["https:\/\/scbcientifics.iec.cat\/es\/por-profesion\/"]}]},{"@type":"BreadcrumbList","@id":"https:\/\/scbcientifics.iec.cat\/es\/por-profesion\/#breadcrumb","itemListElement":[{"@type":"ListItem","position":1,"name":"Portada","item":"https:\/\/scbcientifics.iec.cat\/es\/"},{"@type":"ListItem","position":2,"name":"Por profesi\u00f3n"}]},{"@type":"WebSite","@id":"https:\/\/scbcientifics.iec.cat\/es\/#website","url":"https:\/\/scbcientifics.iec.cat\/es\/","name":"Galeria Biogr\u00e0fica de la Ci\u00e8ncia i la T\u00e8cnica Catalanes","description":"Secci\u00f3 de Ci\u00e8ncies Biol\u00f2giques i Secci\u00f3 de Ci\u00e8ncies i Tecnologia de l\u2019Institut d\u2019Estudis Catalans","publisher":{"@id":"https:\/\/scbcientifics.iec.cat\/es\/#organization"},"potentialAction":[{"@type":"SearchAction","target":{"@type":"EntryPoint","urlTemplate":"https:\/\/scbcientifics.iec.cat\/es\/?s={search_term_string}"},"query-input":{"@type":"PropertyValueSpecification","valueRequired":true,"valueName":"search_term_string"}}],"inLanguage":"es"},{"@type":"Organization","@id":"https:\/\/scbcientifics.iec.cat\/es\/#organization","name":"Galer\u00eda de cient\u00edfics catalans","url":"https:\/\/scbcientifics.iec.cat\/es\/","logo":{"@type":"ImageObject","inLanguage":"es","@id":"https:\/\/scbcientifics.iec.cat\/es\/#\/schema\/logo\/image\/","url":"https:\/\/scbcientifics.iec.cat\/wp-content\/uploads\/2020\/12\/galeria-cientifics-catalans.png","contentUrl":"https:\/\/scbcientifics.iec.cat\/wp-content\/uploads\/2020\/12\/galeria-cientifics-catalans.png","width":353,"height":93,"caption":"Galer\u00eda de cient\u00edfics catalans"},"image":{"@id":"https:\/\/scbcientifics.iec.cat\/es\/#\/schema\/logo\/image\/"}}]}},"_links":{"self":[{"href":"https:\/\/scbcientifics.iec.cat\/es\/wp-json\/wp\/v2\/pages\/4080","targetHints":{"allow":["GET"]}}],"collection":[{"href":"https:\/\/scbcientifics.iec.cat\/es\/wp-json\/wp\/v2\/pages"}],"about":[{"href":"https:\/\/scbcientifics.iec.cat\/es\/wp-json\/wp\/v2\/types\/page"}],"author":[{"embeddable":true,"href":"https:\/\/scbcientifics.iec.cat\/es\/wp-json\/wp\/v2\/users\/1"}],"replies":[{"embeddable":true,"href":"https:\/\/scbcientifics.iec.cat\/es\/wp-json\/wp\/v2\/comments?post=4080"}],"version-history":[{"count":1,"href":"https:\/\/scbcientifics.iec.cat\/es\/wp-json\/wp\/v2\/pages\/4080\/revisions"}],"predecessor-version":[{"id":4081,"href":"https:\/\/scbcientifics.iec.cat\/es\/wp-json\/wp\/v2\/pages\/4080\/revisions\/4081"}],"wp:attachment":[{"href":"https:\/\/scbcientifics.iec.cat\/es\/wp-json\/wp\/v2\/media?parent=4080"}],"curies":[{"name":"wp","href":"https:\/\/api.w.org\/{rel}","templated":true}]}}