{"id":4076,"date":"2021-01-15T13:02:21","date_gmt":"2021-01-15T12:02:21","guid":{"rendered":"https:\/\/scbcientifics.iec.cat\/per-naixement\/"},"modified":"2021-02-14T12:45:55","modified_gmt":"2021-02-14T11:45:55","slug":"por-nacimiento","status":"publish","type":"page","link":"https:\/\/scbcientifics.iec.cat\/es\/por-nacimiento\/","title":{"rendered":"Por nacimiento"},"content":{"rendered":"<div id=\"archivo-listado-ordenado-abc\"><h3>Siglo XVII<\/h3><ul><li><a href=\"\/cientifics\/?ai=1750&af=1759\">1750 - 1759 (2)<\/a><\/li><li><a href=\"\/cientifics\/?ai=1780&af=1789\">1780 - 1789 (1)<\/a><\/li><\/ul><h3>Siglo XVIII<\/h3><ul><li><a href=\"\/cientifics\/?ai=1800&af=1809\">1800 - 1809 (3)<\/a><\/li><li><a href=\"\/cientifics\/?ai=1810&af=1819\">1810 - 1819 (6)<\/a><\/li><li><a href=\"\/cientifics\/?ai=1820&af=1829\">1820 - 1829 (5)<\/a><\/li><li><a href=\"\/cientifics\/?ai=1830&af=1839\">1830 - 1839 (2)<\/a><\/li><li><a href=\"\/cientifics\/?ai=1840&af=1849\">1840 - 1849 (12)<\/a><\/li><li><a href=\"\/cientifics\/?ai=1850&af=1859\">1850 - 1859 (8)<\/a><\/li><li><a href=\"\/cientifics\/?ai=1860&af=1869\">1860 - 1869 (4)<\/a><\/li><li><a href=\"\/cientifics\/?ai=1870&af=1879\">1870 - 1879 (13)<\/a><\/li><li><a href=\"\/cientifics\/?ai=1880&af=1889\">1880 - 1889 (10)<\/a><\/li><li><a href=\"\/cientifics\/?ai=1890&af=1899\">1890 - 1899 (12)<\/a><\/li><\/ul><h3>Siglo XIX<\/h3><ul><li><a href=\"\/cientifics\/?ai=1900&af=1909\">1900 - 1909 (12)<\/a><\/li><li><a href=\"\/cientifics\/?ai=1910&af=1919\">1910 - 1919 (21)<\/a><\/li><li><a href=\"\/cientifics\/?ai=1920&af=1929\">1920 - 1929 (21)<\/a><\/li><li><a href=\"\/cientifics\/?ai=1930&af=1939\">1930 - 1939 (6)<\/a><\/li><li><a href=\"\/cientifics\/?ai=1940&af=1949\">1940 - 1949 (3)<\/a><\/li><li><a href=\"\/cientifics\/?ai=1950&af=1959\">1950 - 1959 (2)<\/a><\/li><\/ul><\/div>\n","protected":false},"excerpt":{"rendered":"","protected":false},"author":1,"featured_media":0,"parent":0,"menu_order":0,"comment_status":"closed","ping_status":"closed","template":"","meta":{"_acf_changed":false,"footnotes":""},"class_list":["post-4076","page","type-page","status-publish"],"acf":[],"yoast_head":"<!-- This site is optimized with the Yoast SEO plugin v27.1.1 - https:\/\/yoast.com\/product\/yoast-seo-wordpress\/ -->\n<title>Por nacimiento &#171; Galeria Biogr\u00e0fica de la Ci\u00e8ncia i la T\u00e8cnica Catalanes<\/title>\n<meta name=\"robots\" content=\"index, follow, max-snippet:-1, max-image-preview:large, max-video-preview:-1\" \/>\n<link rel=\"canonical\" href=\"https:\/\/scbcientifics.iec.cat\/es\/por-nacimiento\/\" \/>\n<meta property=\"og:locale\" content=\"es_ES\" \/>\n<meta property=\"og:type\" content=\"article\" \/>\n<meta property=\"og:title\" content=\"Por nacimiento &#171; Galeria Biogr\u00e0fica de la Ci\u00e8ncia i la T\u00e8cnica Catalanes\" \/>\n<meta property=\"og:url\" content=\"https:\/\/scbcientifics.iec.cat\/es\/por-nacimiento\/\" \/>\n<meta property=\"og:site_name\" content=\"Galeria Biogr\u00e0fica de la Ci\u00e8ncia i la T\u00e8cnica Catalanes\" \/>\n<meta property=\"article:modified_time\" content=\"2021-02-14T11:45:55+00:00\" \/>\n<meta name=\"twitter:card\" content=\"summary_large_image\" \/>\n<meta name=\"twitter:label1\" content=\"Tiempo de lectura\" \/>\n\t<meta name=\"twitter:data1\" content=\"1 minuto\" \/>\n<script type=\"application\/ld+json\" class=\"yoast-schema-graph\">{\"@context\":\"https:\/\/schema.org\",\"@graph\":[{\"@type\":\"WebPage\",\"@id\":\"https:\/\/scbcientifics.iec.cat\/es\/por-nacimiento\/\",\"url\":\"https:\/\/scbcientifics.iec.cat\/es\/por-nacimiento\/\",\"name\":\"Por nacimiento &#171; Galeria Biogr\u00e0fica de la Ci\u00e8ncia i la T\u00e8cnica Catalanes\",\"isPartOf\":{\"@id\":\"https:\/\/scbcientifics.iec.cat\/es\/#website\"},\"datePublished\":\"2021-01-15T12:02:21+00:00\",\"dateModified\":\"2021-02-14T11:45:55+00:00\",\"breadcrumb\":{\"@id\":\"https:\/\/scbcientifics.iec.cat\/es\/por-nacimiento\/#breadcrumb\"},\"inLanguage\":\"es\",\"potentialAction\":[{\"@type\":\"ReadAction\",\"target\":[\"https:\/\/scbcientifics.iec.cat\/es\/por-nacimiento\/\"]}]},{\"@type\":\"BreadcrumbList\",\"@id\":\"https:\/\/scbcientifics.iec.cat\/es\/por-nacimiento\/#breadcrumb\",\"itemListElement\":[{\"@type\":\"ListItem\",\"position\":1,\"name\":\"Portada\",\"item\":\"https:\/\/scbcientifics.iec.cat\/es\/\"},{\"@type\":\"ListItem\",\"position\":2,\"name\":\"Por nacimiento\"}]},{\"@type\":\"WebSite\",\"@id\":\"https:\/\/scbcientifics.iec.cat\/es\/#website\",\"url\":\"https:\/\/scbcientifics.iec.cat\/es\/\",\"name\":\"Galeria Biogr\u00e0fica de la Ci\u00e8ncia i la T\u00e8cnica Catalanes\",\"description\":\"Secci\u00f3 de Ci\u00e8ncies Biol\u00f2giques i Secci\u00f3 de Ci\u00e8ncies i Tecnologia de l\u2019Institut d\u2019Estudis Catalans\",\"publisher\":{\"@id\":\"https:\/\/scbcientifics.iec.cat\/es\/#organization\"},\"potentialAction\":[{\"@type\":\"SearchAction\",\"target\":{\"@type\":\"EntryPoint\",\"urlTemplate\":\"https:\/\/scbcientifics.iec.cat\/es\/?s={search_term_string}\"},\"query-input\":{\"@type\":\"PropertyValueSpecification\",\"valueRequired\":true,\"valueName\":\"search_term_string\"}}],\"inLanguage\":\"es\"},{\"@type\":\"Organization\",\"@id\":\"https:\/\/scbcientifics.iec.cat\/es\/#organization\",\"name\":\"Galer\u00eda de cient\u00edfics catalans\",\"url\":\"https:\/\/scbcientifics.iec.cat\/es\/\",\"logo\":{\"@type\":\"ImageObject\",\"inLanguage\":\"es\",\"@id\":\"https:\/\/scbcientifics.iec.cat\/es\/#\/schema\/logo\/image\/\",\"url\":\"https:\/\/scbcientifics.iec.cat\/wp-content\/uploads\/2020\/12\/galeria-cientifics-catalans.png\",\"contentUrl\":\"https:\/\/scbcientifics.iec.cat\/wp-content\/uploads\/2020\/12\/galeria-cientifics-catalans.png\",\"width\":353,\"height\":93,\"caption\":\"Galer\u00eda de cient\u00edfics catalans\"},\"image\":{\"@id\":\"https:\/\/scbcientifics.iec.cat\/es\/#\/schema\/logo\/image\/\"}}]}<\/script>\n<!-- \/ Yoast SEO plugin. -->","yoast_head_json":{"title":"Por nacimiento &#171; Galeria Biogr\u00e0fica de la Ci\u00e8ncia i la T\u00e8cnica Catalanes","robots":{"index":"index","follow":"follow","max-snippet":"max-snippet:-1","max-image-preview":"max-image-preview:large","max-video-preview":"max-video-preview:-1"},"canonical":"https:\/\/scbcientifics.iec.cat\/es\/por-nacimiento\/","og_locale":"es_ES","og_type":"article","og_title":"Por nacimiento &#171; Galeria Biogr\u00e0fica de la Ci\u00e8ncia i la T\u00e8cnica Catalanes","og_url":"https:\/\/scbcientifics.iec.cat\/es\/por-nacimiento\/","og_site_name":"Galeria Biogr\u00e0fica de la Ci\u00e8ncia i la T\u00e8cnica Catalanes","article_modified_time":"2021-02-14T11:45:55+00:00","twitter_card":"summary_large_image","twitter_misc":{"Tiempo de lectura":"1 minuto"},"schema":{"@context":"https:\/\/schema.org","@graph":[{"@type":"WebPage","@id":"https:\/\/scbcientifics.iec.cat\/es\/por-nacimiento\/","url":"https:\/\/scbcientifics.iec.cat\/es\/por-nacimiento\/","name":"Por nacimiento &#171; Galeria Biogr\u00e0fica de la Ci\u00e8ncia i la T\u00e8cnica Catalanes","isPartOf":{"@id":"https:\/\/scbcientifics.iec.cat\/es\/#website"},"datePublished":"2021-01-15T12:02:21+00:00","dateModified":"2021-02-14T11:45:55+00:00","breadcrumb":{"@id":"https:\/\/scbcientifics.iec.cat\/es\/por-nacimiento\/#breadcrumb"},"inLanguage":"es","potentialAction":[{"@type":"ReadAction","target":["https:\/\/scbcientifics.iec.cat\/es\/por-nacimiento\/"]}]},{"@type":"BreadcrumbList","@id":"https:\/\/scbcientifics.iec.cat\/es\/por-nacimiento\/#breadcrumb","itemListElement":[{"@type":"ListItem","position":1,"name":"Portada","item":"https:\/\/scbcientifics.iec.cat\/es\/"},{"@type":"ListItem","position":2,"name":"Por nacimiento"}]},{"@type":"WebSite","@id":"https:\/\/scbcientifics.iec.cat\/es\/#website","url":"https:\/\/scbcientifics.iec.cat\/es\/","name":"Galeria Biogr\u00e0fica de la Ci\u00e8ncia i la T\u00e8cnica Catalanes","description":"Secci\u00f3 de Ci\u00e8ncies Biol\u00f2giques i Secci\u00f3 de Ci\u00e8ncies i Tecnologia de l\u2019Institut d\u2019Estudis Catalans","publisher":{"@id":"https:\/\/scbcientifics.iec.cat\/es\/#organization"},"potentialAction":[{"@type":"SearchAction","target":{"@type":"EntryPoint","urlTemplate":"https:\/\/scbcientifics.iec.cat\/es\/?s={search_term_string}"},"query-input":{"@type":"PropertyValueSpecification","valueRequired":true,"valueName":"search_term_string"}}],"inLanguage":"es"},{"@type":"Organization","@id":"https:\/\/scbcientifics.iec.cat\/es\/#organization","name":"Galer\u00eda de cient\u00edfics catalans","url":"https:\/\/scbcientifics.iec.cat\/es\/","logo":{"@type":"ImageObject","inLanguage":"es","@id":"https:\/\/scbcientifics.iec.cat\/es\/#\/schema\/logo\/image\/","url":"https:\/\/scbcientifics.iec.cat\/wp-content\/uploads\/2020\/12\/galeria-cientifics-catalans.png","contentUrl":"https:\/\/scbcientifics.iec.cat\/wp-content\/uploads\/2020\/12\/galeria-cientifics-catalans.png","width":353,"height":93,"caption":"Galer\u00eda de cient\u00edfics catalans"},"image":{"@id":"https:\/\/scbcientifics.iec.cat\/es\/#\/schema\/logo\/image\/"}}]}},"_links":{"self":[{"href":"https:\/\/scbcientifics.iec.cat\/es\/wp-json\/wp\/v2\/pages\/4076","targetHints":{"allow":["GET"]}}],"collection":[{"href":"https:\/\/scbcientifics.iec.cat\/es\/wp-json\/wp\/v2\/pages"}],"about":[{"href":"https:\/\/scbcientifics.iec.cat\/es\/wp-json\/wp\/v2\/types\/page"}],"author":[{"embeddable":true,"href":"https:\/\/scbcientifics.iec.cat\/es\/wp-json\/wp\/v2\/users\/1"}],"replies":[{"embeddable":true,"href":"https:\/\/scbcientifics.iec.cat\/es\/wp-json\/wp\/v2\/comments?post=4076"}],"version-history":[{"count":1,"href":"https:\/\/scbcientifics.iec.cat\/es\/wp-json\/wp\/v2\/pages\/4076\/revisions"}],"predecessor-version":[{"id":4077,"href":"https:\/\/scbcientifics.iec.cat\/es\/wp-json\/wp\/v2\/pages\/4076\/revisions\/4077"}],"wp:attachment":[{"href":"https:\/\/scbcientifics.iec.cat\/es\/wp-json\/wp\/v2\/media?parent=4076"}],"curies":[{"name":"wp","href":"https:\/\/api.w.org\/{rel}","templated":true}]}}