{"id":4070,"date":"2021-01-15T13:01:33","date_gmt":"2021-01-15T12:01:33","guid":{"rendered":"https:\/\/scbcientifics.iec.cat\/per-materia\/"},"modified":"2021-02-14T12:44:05","modified_gmt":"2021-02-14T11:44:05","slug":"por-materia","status":"publish","type":"page","link":"https:\/\/scbcientifics.iec.cat\/es\/por-materia\/","title":{"rendered":"Por materia"},"content":{"rendered":"<div id=\"archivo-listado-ordenado-abc\"><h3>A<\/h3><ul><li><a href=\"https:\/\/scbcientifics.iec.cat\/es\/materias\/antropologia-es\/\">Antropolog\u00eda (3)<\/a><\/li><li><a href=\"https:\/\/scbcientifics.iec.cat\/es\/materias\/astronomia-es\/\">Astronom\u00eda (5)<\/a><\/li><\/ul><h3>B<\/h3><ul><li><a href=\"https:\/\/scbcientifics.iec.cat\/es\/materias\/bacteriologia-es\/\">Bacteriolog\u00eda (1)<\/a><\/li><li><a href=\"https:\/\/scbcientifics.iec.cat\/es\/materias\/biologia-es\/\">Biolog\u00eda (14)<\/a><\/li><li><a href=\"https:\/\/scbcientifics.iec.cat\/es\/materias\/biologia-marina-biologia-es\/\">Biolog\u00eda marina (1)<\/a><\/li><li><a href=\"https:\/\/scbcientifics.iec.cat\/es\/materias\/bioquimica-es\/\">Bioqu\u00edmica (5)<\/a><\/li><li><a href=\"https:\/\/scbcientifics.iec.cat\/es\/materias\/botanica-es\/\">Bot\u00e1nica (20)<\/a><\/li><\/ul><h3>C<\/h3><ul><li><a href=\"https:\/\/scbcientifics.iec.cat\/es\/materias\/ciencias-naturales\/\">Ciencias Naturales (2)<\/a><\/li><\/ul><h3>E<\/h3><ul><li><a href=\"https:\/\/scbcientifics.iec.cat\/es\/materias\/ecologia-es\/\">Ecolog\u00eda (2)<\/a><\/li><li><a href=\"https:\/\/scbcientifics.iec.cat\/es\/materias\/edafologia\/\">Edafolog\u00eda (1)<\/a><\/li><li><a href=\"https:\/\/scbcientifics.iec.cat\/es\/materias\/entomologia-es\/\">Entomolog\u00eda (2)<\/a><\/li><li><a href=\"https:\/\/scbcientifics.iec.cat\/es\/materias\/etologia-es\/\">Etolog\u00eda (1)<\/a><\/li><\/ul><h3>F<\/h3><ul><li><a href=\"https:\/\/scbcientifics.iec.cat\/es\/materias\/farmacia-es\/\">Farmacia (12)<\/a><\/li><li><a href=\"https:\/\/scbcientifics.iec.cat\/es\/materias\/fisica-es\/\">F\u00edsica (10)<\/a><\/li><li><a href=\"https:\/\/scbcientifics.iec.cat\/es\/materias\/fisica-experimental-es\/\">F\u00edsica experimental (1)<\/a><\/li><li><a href=\"https:\/\/scbcientifics.iec.cat\/es\/materias\/fisiologia-animal-es\/\">Fisiolog\u00eda Animal (1)<\/a><\/li><\/ul><h3>G<\/h3><ul><li><a href=\"https:\/\/scbcientifics.iec.cat\/es\/materias\/genetica-es\/\">Gen\u00e9tica (2)<\/a><\/li><li><a href=\"https:\/\/scbcientifics.iec.cat\/es\/materias\/geografia-es\/\">Geograf\u00eda (2)<\/a><\/li><li><a href=\"https:\/\/scbcientifics.iec.cat\/es\/materias\/geologia-es\/\">Geolog\u00eda (9)<\/a><\/li><li><a href=\"https:\/\/scbcientifics.iec.cat\/es\/materias\/ginecologia-es\/\">Ginecolog\u00eda (1)<\/a><\/li><\/ul><h3>H<\/h3><ul><li><a href=\"https:\/\/scbcientifics.iec.cat\/es\/materias\/hepatologia-es\/\">Hepatolog\u00eda (1)<\/a><\/li><\/ul><h3>I<\/h3><ul><li><a href=\"https:\/\/scbcientifics.iec.cat\/es\/materias\/ingenieria\/\">Ingenier\u00eda (15)<\/a><\/li><li><a href=\"https:\/\/scbcientifics.iec.cat\/es\/materias\/ingenieria-de-montes\/\">Ingenier\u00eda de montes (6)<\/a><\/li><li><a href=\"https:\/\/scbcientifics.iec.cat\/es\/materias\/ingenieria-industrial\/\">Ingenier\u00eda industrial (6)<\/a><\/li><\/ul><h3>M<\/h3><ul><li><a href=\"https:\/\/scbcientifics.iec.cat\/es\/materias\/matematica-es\/\">Matem\u00e1tica (13)<\/a><\/li><li><a href=\"https:\/\/scbcientifics.iec.cat\/es\/materias\/mecanica-teorica-es\/\">Mec\u00e1nica te\u00f3rica (1)<\/a><\/li><li><a href=\"https:\/\/scbcientifics.iec.cat\/es\/materias\/medicina-es\/\">Medicina (32)<\/a><\/li><li><a href=\"https:\/\/scbcientifics.iec.cat\/es\/materias\/meteorologia-es\/\">Meteorolog\u00eda (5)<\/a><\/li><li><a href=\"https:\/\/scbcientifics.iec.cat\/es\/materias\/microbiologia-es\/\">Microbiolog\u00eda (1)<\/a><\/li><\/ul><h3>N<\/h3><ul><li><a href=\"https:\/\/scbcientifics.iec.cat\/es\/materias\/naturalista-es\/\">Naturalista (7)<\/a><\/li><li><a href=\"https:\/\/scbcientifics.iec.cat\/es\/materias\/neuroquimica-es\/\">Neuroqu\u00edmica (1)<\/a><\/li><\/ul><h3>O<\/h3><ul><li><a href=\"https:\/\/scbcientifics.iec.cat\/es\/materias\/oceanografia-es\/\">Oceanograf\u00eda (2)<\/a><\/li><li><a href=\"https:\/\/scbcientifics.iec.cat\/es\/materias\/ornitologia-es\/\">Ornitolog\u00eda (1)<\/a><\/li><li><a href=\"https:\/\/scbcientifics.iec.cat\/es\/materias\/ortopedia-es\/\">Ortopedia (1)<\/a><\/li><\/ul><h3>P<\/h3><ul><li><a href=\"https:\/\/scbcientifics.iec.cat\/es\/materias\/paleontologia-es\/\">Paleontolog\u00eda (5)<\/a><\/li><li><a href=\"https:\/\/scbcientifics.iec.cat\/es\/materias\/pedagogia-es\/\">Pedagog\u00eda (5)<\/a><\/li><li><a href=\"https:\/\/scbcientifics.iec.cat\/es\/materias\/pediatria-es\/\">Pediatr\u00eda (3)<\/a><\/li><li><a href=\"https:\/\/scbcientifics.iec.cat\/es\/materias\/philosophy\/\">Philosophy (1)<\/a><\/li><li><a href=\"https:\/\/scbcientifics.iec.cat\/es\/materias\/primatologia-es\/\">Primatolog\u00eda (1)<\/a><\/li><li><a href=\"https:\/\/scbcientifics.iec.cat\/es\/materias\/puericultura-es\/\">Puericultura (1)<\/a><\/li><\/ul><h3>Q<\/h3><ul><li><a href=\"https:\/\/scbcientifics.iec.cat\/es\/materias\/quimica-es\/\">Qu\u00edmica (14)<\/a><\/li><\/ul><h3>S<\/h3><ul><li><a href=\"https:\/\/scbcientifics.iec.cat\/es\/materias\/sismologia-es\/\">Sismolog\u00eda (1)<\/a><\/li><\/ul><h3>V<\/h3><ul><li><a href=\"https:\/\/scbcientifics.iec.cat\/es\/materias\/veterinaria-es\/\">Veterinaria (2)<\/a><\/li><\/ul><h3>Z<\/h3><ul><li><a href=\"https:\/\/scbcientifics.iec.cat\/es\/materias\/zoologia-es\/\">Zoologia (2)<\/a><\/li><\/ul><\/div>\n","protected":false},"excerpt":{"rendered":"","protected":false},"author":1,"featured_media":0,"parent":0,"menu_order":0,"comment_status":"closed","ping_status":"closed","template":"","meta":{"_acf_changed":false,"footnotes":""},"class_list":["post-4070","page","type-page","status-publish"],"acf":[],"yoast_head":"<!-- This site is optimized with the Yoast SEO plugin v27.1.1 - https:\/\/yoast.com\/product\/yoast-seo-wordpress\/ -->\n<title>Por materia &#171; Galeria Biogr\u00e0fica de la Ci\u00e8ncia i la T\u00e8cnica Catalanes<\/title>\n<meta name=\"robots\" content=\"index, follow, max-snippet:-1, max-image-preview:large, max-video-preview:-1\" \/>\n<link rel=\"canonical\" href=\"https:\/\/scbcientifics.iec.cat\/es\/por-materia\/\" \/>\n<meta property=\"og:locale\" content=\"es_ES\" \/>\n<meta property=\"og:type\" content=\"article\" \/>\n<meta property=\"og:title\" content=\"Por materia &#171; Galeria Biogr\u00e0fica de la Ci\u00e8ncia i la T\u00e8cnica Catalanes\" \/>\n<meta property=\"og:url\" content=\"https:\/\/scbcientifics.iec.cat\/es\/por-materia\/\" \/>\n<meta property=\"og:site_name\" content=\"Galeria Biogr\u00e0fica de la Ci\u00e8ncia i la T\u00e8cnica Catalanes\" \/>\n<meta property=\"article:modified_time\" content=\"2021-02-14T11:44:05+00:00\" \/>\n<meta name=\"twitter:card\" content=\"summary_large_image\" \/>\n<meta name=\"twitter:label1\" content=\"Tiempo de lectura\" \/>\n\t<meta name=\"twitter:data1\" content=\"1 minuto\" \/>\n<script type=\"application\/ld+json\" class=\"yoast-schema-graph\">{\"@context\":\"https:\/\/schema.org\",\"@graph\":[{\"@type\":\"WebPage\",\"@id\":\"https:\/\/scbcientifics.iec.cat\/es\/por-materia\/\",\"url\":\"https:\/\/scbcientifics.iec.cat\/es\/por-materia\/\",\"name\":\"Por materia &#171; Galeria Biogr\u00e0fica de la Ci\u00e8ncia i la T\u00e8cnica Catalanes\",\"isPartOf\":{\"@id\":\"https:\/\/scbcientifics.iec.cat\/es\/#website\"},\"datePublished\":\"2021-01-15T12:01:33+00:00\",\"dateModified\":\"2021-02-14T11:44:05+00:00\",\"breadcrumb\":{\"@id\":\"https:\/\/scbcientifics.iec.cat\/es\/por-materia\/#breadcrumb\"},\"inLanguage\":\"es\",\"potentialAction\":[{\"@type\":\"ReadAction\",\"target\":[\"https:\/\/scbcientifics.iec.cat\/es\/por-materia\/\"]}]},{\"@type\":\"BreadcrumbList\",\"@id\":\"https:\/\/scbcientifics.iec.cat\/es\/por-materia\/#breadcrumb\",\"itemListElement\":[{\"@type\":\"ListItem\",\"position\":1,\"name\":\"Portada\",\"item\":\"https:\/\/scbcientifics.iec.cat\/es\/\"},{\"@type\":\"ListItem\",\"position\":2,\"name\":\"Por materia\"}]},{\"@type\":\"WebSite\",\"@id\":\"https:\/\/scbcientifics.iec.cat\/es\/#website\",\"url\":\"https:\/\/scbcientifics.iec.cat\/es\/\",\"name\":\"Galeria Biogr\u00e0fica de la Ci\u00e8ncia i la T\u00e8cnica Catalanes\",\"description\":\"Secci\u00f3 de Ci\u00e8ncies Biol\u00f2giques i Secci\u00f3 de Ci\u00e8ncies i Tecnologia de l\u2019Institut d\u2019Estudis Catalans\",\"publisher\":{\"@id\":\"https:\/\/scbcientifics.iec.cat\/es\/#organization\"},\"potentialAction\":[{\"@type\":\"SearchAction\",\"target\":{\"@type\":\"EntryPoint\",\"urlTemplate\":\"https:\/\/scbcientifics.iec.cat\/es\/?s={search_term_string}\"},\"query-input\":{\"@type\":\"PropertyValueSpecification\",\"valueRequired\":true,\"valueName\":\"search_term_string\"}}],\"inLanguage\":\"es\"},{\"@type\":\"Organization\",\"@id\":\"https:\/\/scbcientifics.iec.cat\/es\/#organization\",\"name\":\"Galer\u00eda de cient\u00edfics catalans\",\"url\":\"https:\/\/scbcientifics.iec.cat\/es\/\",\"logo\":{\"@type\":\"ImageObject\",\"inLanguage\":\"es\",\"@id\":\"https:\/\/scbcientifics.iec.cat\/es\/#\/schema\/logo\/image\/\",\"url\":\"https:\/\/scbcientifics.iec.cat\/wp-content\/uploads\/2020\/12\/galeria-cientifics-catalans.png\",\"contentUrl\":\"https:\/\/scbcientifics.iec.cat\/wp-content\/uploads\/2020\/12\/galeria-cientifics-catalans.png\",\"width\":353,\"height\":93,\"caption\":\"Galer\u00eda de cient\u00edfics catalans\"},\"image\":{\"@id\":\"https:\/\/scbcientifics.iec.cat\/es\/#\/schema\/logo\/image\/\"}}]}<\/script>\n<!-- \/ Yoast SEO plugin. -->","yoast_head_json":{"title":"Por materia &#171; Galeria Biogr\u00e0fica de la Ci\u00e8ncia i la T\u00e8cnica Catalanes","robots":{"index":"index","follow":"follow","max-snippet":"max-snippet:-1","max-image-preview":"max-image-preview:large","max-video-preview":"max-video-preview:-1"},"canonical":"https:\/\/scbcientifics.iec.cat\/es\/por-materia\/","og_locale":"es_ES","og_type":"article","og_title":"Por materia &#171; Galeria Biogr\u00e0fica de la Ci\u00e8ncia i la T\u00e8cnica Catalanes","og_url":"https:\/\/scbcientifics.iec.cat\/es\/por-materia\/","og_site_name":"Galeria Biogr\u00e0fica de la Ci\u00e8ncia i la T\u00e8cnica Catalanes","article_modified_time":"2021-02-14T11:44:05+00:00","twitter_card":"summary_large_image","twitter_misc":{"Tiempo de lectura":"1 minuto"},"schema":{"@context":"https:\/\/schema.org","@graph":[{"@type":"WebPage","@id":"https:\/\/scbcientifics.iec.cat\/es\/por-materia\/","url":"https:\/\/scbcientifics.iec.cat\/es\/por-materia\/","name":"Por materia &#171; Galeria Biogr\u00e0fica de la Ci\u00e8ncia i la T\u00e8cnica Catalanes","isPartOf":{"@id":"https:\/\/scbcientifics.iec.cat\/es\/#website"},"datePublished":"2021-01-15T12:01:33+00:00","dateModified":"2021-02-14T11:44:05+00:00","breadcrumb":{"@id":"https:\/\/scbcientifics.iec.cat\/es\/por-materia\/#breadcrumb"},"inLanguage":"es","potentialAction":[{"@type":"ReadAction","target":["https:\/\/scbcientifics.iec.cat\/es\/por-materia\/"]}]},{"@type":"BreadcrumbList","@id":"https:\/\/scbcientifics.iec.cat\/es\/por-materia\/#breadcrumb","itemListElement":[{"@type":"ListItem","position":1,"name":"Portada","item":"https:\/\/scbcientifics.iec.cat\/es\/"},{"@type":"ListItem","position":2,"name":"Por materia"}]},{"@type":"WebSite","@id":"https:\/\/scbcientifics.iec.cat\/es\/#website","url":"https:\/\/scbcientifics.iec.cat\/es\/","name":"Galeria Biogr\u00e0fica de la Ci\u00e8ncia i la T\u00e8cnica Catalanes","description":"Secci\u00f3 de Ci\u00e8ncies Biol\u00f2giques i Secci\u00f3 de Ci\u00e8ncies i Tecnologia de l\u2019Institut d\u2019Estudis Catalans","publisher":{"@id":"https:\/\/scbcientifics.iec.cat\/es\/#organization"},"potentialAction":[{"@type":"SearchAction","target":{"@type":"EntryPoint","urlTemplate":"https:\/\/scbcientifics.iec.cat\/es\/?s={search_term_string}"},"query-input":{"@type":"PropertyValueSpecification","valueRequired":true,"valueName":"search_term_string"}}],"inLanguage":"es"},{"@type":"Organization","@id":"https:\/\/scbcientifics.iec.cat\/es\/#organization","name":"Galer\u00eda de cient\u00edfics catalans","url":"https:\/\/scbcientifics.iec.cat\/es\/","logo":{"@type":"ImageObject","inLanguage":"es","@id":"https:\/\/scbcientifics.iec.cat\/es\/#\/schema\/logo\/image\/","url":"https:\/\/scbcientifics.iec.cat\/wp-content\/uploads\/2020\/12\/galeria-cientifics-catalans.png","contentUrl":"https:\/\/scbcientifics.iec.cat\/wp-content\/uploads\/2020\/12\/galeria-cientifics-catalans.png","width":353,"height":93,"caption":"Galer\u00eda de cient\u00edfics catalans"},"image":{"@id":"https:\/\/scbcientifics.iec.cat\/es\/#\/schema\/logo\/image\/"}}]}},"_links":{"self":[{"href":"https:\/\/scbcientifics.iec.cat\/es\/wp-json\/wp\/v2\/pages\/4070","targetHints":{"allow":["GET"]}}],"collection":[{"href":"https:\/\/scbcientifics.iec.cat\/es\/wp-json\/wp\/v2\/pages"}],"about":[{"href":"https:\/\/scbcientifics.iec.cat\/es\/wp-json\/wp\/v2\/types\/page"}],"author":[{"embeddable":true,"href":"https:\/\/scbcientifics.iec.cat\/es\/wp-json\/wp\/v2\/users\/1"}],"replies":[{"embeddable":true,"href":"https:\/\/scbcientifics.iec.cat\/es\/wp-json\/wp\/v2\/comments?post=4070"}],"version-history":[{"count":1,"href":"https:\/\/scbcientifics.iec.cat\/es\/wp-json\/wp\/v2\/pages\/4070\/revisions"}],"predecessor-version":[{"id":4071,"href":"https:\/\/scbcientifics.iec.cat\/es\/wp-json\/wp\/v2\/pages\/4070\/revisions\/4071"}],"wp:attachment":[{"href":"https:\/\/scbcientifics.iec.cat\/es\/wp-json\/wp\/v2\/media?parent=4070"}],"curies":[{"name":"wp","href":"https:\/\/api.w.org\/{rel}","templated":true}]}}