{"id":4053,"date":"2021-02-13T09:08:27","date_gmt":"2021-02-13T08:08:27","guid":{"rendered":"https:\/\/scbcientifics.iec.cat\/bustia-de-suggeriments\/"},"modified":"2021-03-31T09:25:32","modified_gmt":"2021-03-31T07:25:32","slug":"buzon-de-sugerencias","status":"publish","type":"page","link":"https:\/\/scbcientifics.iec.cat\/es\/buzon-de-sugerencias\/","title":{"rendered":"Buz\u00f3n de sugerencias"},"content":{"rendered":"\n<div class=\"wp-block-columns is-layout-flex wp-container-core-columns-is-layout-9d6595d7 wp-block-columns-is-layout-flex\">\n<div class=\"wp-block-column is-layout-flow wp-block-column-is-layout-flow\">\n<p>Si deseas hacer alguna aportaci\u00f3n o crees que podr\u00eda mejorarse cualquier parte de este web, no dudes al coment\u00e1rnoslo a trav\u00e9s del formulario del buz\u00f3n de sugerencias que encontrar\u00e1s a la derecha.<\/p>\n<\/div>\n\n\n\n<div class=\"wp-block-column is-layout-flow wp-block-column-is-layout-flow\"><div class=\"wpforms-container wpforms-container-full wpforms-block\" id=\"wpforms-4385\"><form id=\"wpforms-form-4385\" class=\"wpforms-validate wpforms-form\" data-formid=\"4385\" method=\"post\" enctype=\"multipart\/form-data\" action=\"\/es\/wp-json\/wp\/v2\/pages\/4053\" data-token=\"d1bc88d8525fa1c268f059bb301115a2\" data-token-time=\"1775825469\"><noscript class=\"wpforms-error-noscript\">Por favor, activa JavaScript en tu navegador para completar este formulario.<\/noscript><div class=\"wpforms-field-container\"><div id=\"wpforms-4385-field_3-container\" class=\"wpforms-field wpforms-field-text\" data-field-id=\"3\"><label class=\"wpforms-field-label\" for=\"wpforms-4385-field_3\">Nombre completo<\/label><input type=\"text\" id=\"wpforms-4385-field_3\" class=\"wpforms-field-large\" name=\"wpforms[fields][3]\" ><\/div><div id=\"wpforms-4385-field_1-container\" class=\"wpforms-field wpforms-field-email\" data-field-id=\"1\"><label class=\"wpforms-field-label\" for=\"wpforms-4385-field_1\">Correo electr\u00f3nico <span class=\"wpforms-required-label\">*<\/span><\/label><input type=\"email\" id=\"wpforms-4385-field_1\" class=\"wpforms-field-large wpforms-field-required\" name=\"wpforms[fields][1]\" spellcheck=\"false\" required><\/div><div id=\"wpforms-4385-field_4-container\" class=\"wpforms-field wpforms-field-text\" data-field-id=\"4\"><label class=\"wpforms-field-label\" for=\"wpforms-4385-field_4\">Sugerencias \/ Asunto <span class=\"wpforms-required-label\">*<\/span><\/label><input type=\"text\" id=\"wpforms-4385-field_4\" class=\"wpforms-field-large wpforms-field-required\" name=\"wpforms[fields][4]\" required><\/div><div id=\"wpforms-4385-field_2-container\" class=\"wpforms-field wpforms-field-textarea\" data-field-id=\"2\"><label class=\"wpforms-field-label\" for=\"wpforms-4385-field_2\">Comentarios <span class=\"wpforms-required-label\">*<\/span><\/label><textarea id=\"wpforms-4385-field_2\" class=\"wpforms-field-medium wpforms-field-required\" name=\"wpforms[fields][2]\" required><\/textarea><\/div><\/div><!-- .wpforms-field-container --><div class=\"wpforms-submit-container\" ><input type=\"hidden\" name=\"wpforms[id]\" value=\"4385\"><input type=\"hidden\" name=\"page_title\" value=\"\"><input type=\"hidden\" name=\"page_url\" value=\"https:\/\/scbcientifics.iec.cat\/es\/wp-json\/wp\/v2\/pages\/4053\"><input type=\"hidden\" name=\"url_referer\" value=\"\"><button type=\"submit\" name=\"wpforms[submit]\" id=\"wpforms-submit-4385\" class=\"wpforms-submit\" data-alt-text=\"Enviando...\" data-submit-text=\"Enviar\" aria-live=\"assertive\" value=\"wpforms-submit\">Enviar<\/button><\/div><\/form><\/div>  <!-- .wpforms-container --><\/div>\n<\/div>\n","protected":false},"excerpt":{"rendered":"<p>Si deseas hacer alguna aportaci\u00f3n o crees que podr\u00eda mejorarse cualquier parte de este web, no dudes al coment\u00e1rnoslo a trav\u00e9s del formulario del buz\u00f3n de sugerencias que encontrar\u00e1s a la derecha.<\/p>\n","protected":false},"author":1,"featured_media":0,"parent":0,"menu_order":0,"comment_status":"closed","ping_status":"closed","template":"","meta":{"_acf_changed":false,"footnotes":""},"class_list":["post-4053","page","type-page","status-publish"],"acf":[],"yoast_head":"<!-- This site is optimized with the Yoast SEO plugin v27.3 - https:\/\/yoast.com\/product\/yoast-seo-wordpress\/ -->\n<title>Buz\u00f3n de sugerencias &#171; Galeria Biogr\u00e0fica de la Ci\u00e8ncia i la T\u00e8cnica Catalanes<\/title>\n<meta name=\"robots\" content=\"index, follow, max-snippet:-1, max-image-preview:large, max-video-preview:-1\" \/>\n<link rel=\"canonical\" href=\"https:\/\/scbcientifics.iec.cat\/es\/buzon-de-sugerencias\/\" \/>\n<meta property=\"og:locale\" content=\"es_ES\" \/>\n<meta property=\"og:type\" content=\"article\" \/>\n<meta property=\"og:title\" content=\"Buz\u00f3n de sugerencias &#171; Galeria Biogr\u00e0fica de la Ci\u00e8ncia i la T\u00e8cnica Catalanes\" \/>\n<meta property=\"og:description\" content=\"Si deseas hacer alguna aportaci\u00f3n o crees que podr\u00eda mejorarse cualquier parte de este web, no dudes al coment\u00e1rnoslo a trav\u00e9s del formulario del buz\u00f3n de sugerencias que encontrar\u00e1s a la derecha.\" \/>\n<meta property=\"og:url\" content=\"https:\/\/scbcientifics.iec.cat\/es\/buzon-de-sugerencias\/\" \/>\n<meta property=\"og:site_name\" content=\"Galeria Biogr\u00e0fica de la Ci\u00e8ncia i la T\u00e8cnica Catalanes\" \/>\n<meta property=\"article:modified_time\" content=\"2021-03-31T07:25:32+00:00\" \/>\n<meta name=\"twitter:card\" content=\"summary_large_image\" \/>\n<meta name=\"twitter:label1\" content=\"Tiempo de lectura\" \/>\n\t<meta name=\"twitter:data1\" content=\"1 minuto\" \/>\n<script type=\"application\/ld+json\" class=\"yoast-schema-graph\">{\"@context\":\"https:\\\/\\\/schema.org\",\"@graph\":[{\"@type\":\"WebPage\",\"@id\":\"https:\\\/\\\/scbcientifics.iec.cat\\\/es\\\/buzon-de-sugerencias\\\/\",\"url\":\"https:\\\/\\\/scbcientifics.iec.cat\\\/es\\\/buzon-de-sugerencias\\\/\",\"name\":\"Buz\u00f3n de sugerencias &#171; Galeria Biogr\u00e0fica de la Ci\u00e8ncia i la T\u00e8cnica Catalanes\",\"isPartOf\":{\"@id\":\"https:\\\/\\\/scbcientifics.iec.cat\\\/es\\\/#website\"},\"datePublished\":\"2021-02-13T08:08:27+00:00\",\"dateModified\":\"2021-03-31T07:25:32+00:00\",\"breadcrumb\":{\"@id\":\"https:\\\/\\\/scbcientifics.iec.cat\\\/es\\\/buzon-de-sugerencias\\\/#breadcrumb\"},\"inLanguage\":\"es\",\"potentialAction\":[{\"@type\":\"ReadAction\",\"target\":[\"https:\\\/\\\/scbcientifics.iec.cat\\\/es\\\/buzon-de-sugerencias\\\/\"]}]},{\"@type\":\"BreadcrumbList\",\"@id\":\"https:\\\/\\\/scbcientifics.iec.cat\\\/es\\\/buzon-de-sugerencias\\\/#breadcrumb\",\"itemListElement\":[{\"@type\":\"ListItem\",\"position\":1,\"name\":\"Portada\",\"item\":\"https:\\\/\\\/scbcientifics.iec.cat\\\/es\\\/\"},{\"@type\":\"ListItem\",\"position\":2,\"name\":\"Buz\u00f3n de sugerencias\"}]},{\"@type\":\"WebSite\",\"@id\":\"https:\\\/\\\/scbcientifics.iec.cat\\\/es\\\/#website\",\"url\":\"https:\\\/\\\/scbcientifics.iec.cat\\\/es\\\/\",\"name\":\"Galeria Biogr\u00e0fica de la Ci\u00e8ncia i la T\u00e8cnica Catalanes\",\"description\":\"Secci\u00f3 de Ci\u00e8ncies Biol\u00f2giques i Secci\u00f3 de Ci\u00e8ncies i Tecnologia de l\u2019Institut d\u2019Estudis Catalans\",\"publisher\":{\"@id\":\"https:\\\/\\\/scbcientifics.iec.cat\\\/es\\\/#organization\"},\"potentialAction\":[{\"@type\":\"SearchAction\",\"target\":{\"@type\":\"EntryPoint\",\"urlTemplate\":\"https:\\\/\\\/scbcientifics.iec.cat\\\/es\\\/?s={search_term_string}\"},\"query-input\":{\"@type\":\"PropertyValueSpecification\",\"valueRequired\":true,\"valueName\":\"search_term_string\"}}],\"inLanguage\":\"es\"},{\"@type\":\"Organization\",\"@id\":\"https:\\\/\\\/scbcientifics.iec.cat\\\/es\\\/#organization\",\"name\":\"Galer\u00eda de cient\u00edfics catalans\",\"url\":\"https:\\\/\\\/scbcientifics.iec.cat\\\/es\\\/\",\"logo\":{\"@type\":\"ImageObject\",\"inLanguage\":\"es\",\"@id\":\"https:\\\/\\\/scbcientifics.iec.cat\\\/es\\\/#\\\/schema\\\/logo\\\/image\\\/\",\"url\":\"https:\\\/\\\/scbcientifics.iec.cat\\\/wp-content\\\/uploads\\\/2020\\\/12\\\/galeria-cientifics-catalans.png\",\"contentUrl\":\"https:\\\/\\\/scbcientifics.iec.cat\\\/wp-content\\\/uploads\\\/2020\\\/12\\\/galeria-cientifics-catalans.png\",\"width\":353,\"height\":93,\"caption\":\"Galer\u00eda de cient\u00edfics catalans\"},\"image\":{\"@id\":\"https:\\\/\\\/scbcientifics.iec.cat\\\/es\\\/#\\\/schema\\\/logo\\\/image\\\/\"}}]}<\/script>\n<!-- \/ Yoast SEO plugin. -->","yoast_head_json":{"title":"Buz\u00f3n de sugerencias &#171; Galeria Biogr\u00e0fica de la Ci\u00e8ncia i la T\u00e8cnica Catalanes","robots":{"index":"index","follow":"follow","max-snippet":"max-snippet:-1","max-image-preview":"max-image-preview:large","max-video-preview":"max-video-preview:-1"},"canonical":"https:\/\/scbcientifics.iec.cat\/es\/buzon-de-sugerencias\/","og_locale":"es_ES","og_type":"article","og_title":"Buz\u00f3n de sugerencias &#171; Galeria Biogr\u00e0fica de la Ci\u00e8ncia i la T\u00e8cnica Catalanes","og_description":"Si deseas hacer alguna aportaci\u00f3n o crees que podr\u00eda mejorarse cualquier parte de este web, no dudes al coment\u00e1rnoslo a trav\u00e9s del formulario del buz\u00f3n de sugerencias que encontrar\u00e1s a la derecha.","og_url":"https:\/\/scbcientifics.iec.cat\/es\/buzon-de-sugerencias\/","og_site_name":"Galeria Biogr\u00e0fica de la Ci\u00e8ncia i la T\u00e8cnica Catalanes","article_modified_time":"2021-03-31T07:25:32+00:00","twitter_card":"summary_large_image","twitter_misc":{"Tiempo de lectura":"1 minuto"},"schema":{"@context":"https:\/\/schema.org","@graph":[{"@type":"WebPage","@id":"https:\/\/scbcientifics.iec.cat\/es\/buzon-de-sugerencias\/","url":"https:\/\/scbcientifics.iec.cat\/es\/buzon-de-sugerencias\/","name":"Buz\u00f3n de sugerencias &#171; Galeria Biogr\u00e0fica de la Ci\u00e8ncia i la T\u00e8cnica Catalanes","isPartOf":{"@id":"https:\/\/scbcientifics.iec.cat\/es\/#website"},"datePublished":"2021-02-13T08:08:27+00:00","dateModified":"2021-03-31T07:25:32+00:00","breadcrumb":{"@id":"https:\/\/scbcientifics.iec.cat\/es\/buzon-de-sugerencias\/#breadcrumb"},"inLanguage":"es","potentialAction":[{"@type":"ReadAction","target":["https:\/\/scbcientifics.iec.cat\/es\/buzon-de-sugerencias\/"]}]},{"@type":"BreadcrumbList","@id":"https:\/\/scbcientifics.iec.cat\/es\/buzon-de-sugerencias\/#breadcrumb","itemListElement":[{"@type":"ListItem","position":1,"name":"Portada","item":"https:\/\/scbcientifics.iec.cat\/es\/"},{"@type":"ListItem","position":2,"name":"Buz\u00f3n de sugerencias"}]},{"@type":"WebSite","@id":"https:\/\/scbcientifics.iec.cat\/es\/#website","url":"https:\/\/scbcientifics.iec.cat\/es\/","name":"Galeria Biogr\u00e0fica de la Ci\u00e8ncia i la T\u00e8cnica Catalanes","description":"Secci\u00f3 de Ci\u00e8ncies Biol\u00f2giques i Secci\u00f3 de Ci\u00e8ncies i Tecnologia de l\u2019Institut d\u2019Estudis Catalans","publisher":{"@id":"https:\/\/scbcientifics.iec.cat\/es\/#organization"},"potentialAction":[{"@type":"SearchAction","target":{"@type":"EntryPoint","urlTemplate":"https:\/\/scbcientifics.iec.cat\/es\/?s={search_term_string}"},"query-input":{"@type":"PropertyValueSpecification","valueRequired":true,"valueName":"search_term_string"}}],"inLanguage":"es"},{"@type":"Organization","@id":"https:\/\/scbcientifics.iec.cat\/es\/#organization","name":"Galer\u00eda de cient\u00edfics catalans","url":"https:\/\/scbcientifics.iec.cat\/es\/","logo":{"@type":"ImageObject","inLanguage":"es","@id":"https:\/\/scbcientifics.iec.cat\/es\/#\/schema\/logo\/image\/","url":"https:\/\/scbcientifics.iec.cat\/wp-content\/uploads\/2020\/12\/galeria-cientifics-catalans.png","contentUrl":"https:\/\/scbcientifics.iec.cat\/wp-content\/uploads\/2020\/12\/galeria-cientifics-catalans.png","width":353,"height":93,"caption":"Galer\u00eda de cient\u00edfics catalans"},"image":{"@id":"https:\/\/scbcientifics.iec.cat\/es\/#\/schema\/logo\/image\/"}}]}},"_links":{"self":[{"href":"https:\/\/scbcientifics.iec.cat\/es\/wp-json\/wp\/v2\/pages\/4053","targetHints":{"allow":["GET"]}}],"collection":[{"href":"https:\/\/scbcientifics.iec.cat\/es\/wp-json\/wp\/v2\/pages"}],"about":[{"href":"https:\/\/scbcientifics.iec.cat\/es\/wp-json\/wp\/v2\/types\/page"}],"author":[{"embeddable":true,"href":"https:\/\/scbcientifics.iec.cat\/es\/wp-json\/wp\/v2\/users\/1"}],"replies":[{"embeddable":true,"href":"https:\/\/scbcientifics.iec.cat\/es\/wp-json\/wp\/v2\/comments?post=4053"}],"version-history":[{"count":4,"href":"https:\/\/scbcientifics.iec.cat\/es\/wp-json\/wp\/v2\/pages\/4053\/revisions"}],"predecessor-version":[{"id":4393,"href":"https:\/\/scbcientifics.iec.cat\/es\/wp-json\/wp\/v2\/pages\/4053\/revisions\/4393"}],"wp:attachment":[{"href":"https:\/\/scbcientifics.iec.cat\/es\/wp-json\/wp\/v2\/media?parent=4053"}],"curies":[{"name":"wp","href":"https:\/\/api.w.org\/{rel}","templated":true}]}}