{"id":4102,"date":"2021-01-28T17:39:41","date_gmt":"2021-01-28T16:39:41","guid":{"rendered":"https:\/\/scbcientifics.iec.cat\/galeria-de-videos\/"},"modified":"2025-10-31T10:10:14","modified_gmt":"2025-10-31T09:10:14","slug":"video-gallery","status":"publish","type":"page","link":"https:\/\/scbcientifics.iec.cat\/en\/video-gallery\/","title":{"rendered":"Video gallery"},"content":{"rendered":"\t\t<div data-elementor-type=\"wp-page\" data-elementor-id=\"4102\" class=\"elementor elementor-4102 elementor-3195\" data-elementor-post-type=\"page\">\n\t\t\t\t\t\t<section class=\"elementor-section elementor-top-section elementor-element elementor-element-73f546ae elementor-section-boxed elementor-section-height-default elementor-section-height-default\" data-id=\"73f546ae\" data-element_type=\"section\" data-e-type=\"section\">\n\t\t\t\t\t\t<div class=\"elementor-container elementor-column-gap-default\">\n\t\t\t\t\t<div class=\"elementor-column elementor-col-100 elementor-top-column elementor-element elementor-element-acf68d3\" data-id=\"acf68d3\" data-element_type=\"column\" data-e-type=\"column\">\n\t\t\t<div class=\"elementor-widget-wrap elementor-element-populated\">\n\t\t\t\t\t\t<div class=\"elementor-element elementor-element-55699848 elementor-widget elementor-widget-text-editor\" data-id=\"55699848\" data-element_type=\"widget\" data-e-type=\"widget\" data-widget_type=\"text-editor.default\">\n\t\t\t\t<div class=\"elementor-widget-container\">\n\t\t\t\t\t\t\t\t\t<p>Benvingut a la galeria de v\u00eddeos. Aqu\u00ed trobar\u00e0s una selecci\u00f3 de v\u00eddeos sobre els cient\u00edfics i cient\u00edfiques presents en aquest web. Si us plau, clica als enlla\u00e7os de sota per veure les galeries.<\/p>\n\t\t\t\t\t\t\t\t<\/div>\n\t\t\t\t<\/div>\n\t\t\t\t\t<\/div>\n\t\t<\/div>\n\t\t\t\t\t<\/div>\n\t\t<\/section>\n\t\t\t\t<section class=\"elementor-section elementor-top-section elementor-element elementor-element-a9de880 elementor-section-boxed elementor-section-height-default elementor-section-height-default\" data-id=\"a9de880\" data-element_type=\"section\" data-e-type=\"section\">\n\t\t\t\t\t\t<div class=\"elementor-container elementor-column-gap-no\">\n\t\t\t\t\t<div class=\"elementor-column elementor-col-100 elementor-top-column elementor-element elementor-element-dc826bb\" data-id=\"dc826bb\" data-element_type=\"column\" data-e-type=\"column\">\n\t\t\t<div class=\"elementor-widget-wrap elementor-element-populated\">\n\t\t\t\t\t\t<section class=\"elementor-section elementor-inner-section elementor-element elementor-element-6e73f63 elementor-section-boxed elementor-section-height-default elementor-section-height-default\" data-id=\"6e73f63\" data-element_type=\"section\" data-e-type=\"section\">\n\t\t\t\t\t\t<div class=\"elementor-container elementor-column-gap-default\">\n\t\t\t\t\t<div class=\"elementor-column elementor-col-25 elementor-inner-column elementor-element elementor-element-cde146f\" data-id=\"cde146f\" data-element_type=\"column\" data-e-type=\"column\">\n\t\t\t<div class=\"elementor-widget-wrap elementor-element-populated\">\n\t\t\t\t\t\t<div class=\"elementor-element elementor-element-f44c3af elementor-widget elementor-widget-image\" data-id=\"f44c3af\" data-element_type=\"widget\" data-e-type=\"widget\" data-widget_type=\"image.default\">\n\t\t\t\t<div class=\"elementor-widget-container\">\n\t\t\t\t\t\t\t\t\t\t\t\t\t\t\t<img fetchpriority=\"high\" decoding=\"async\" width=\"226\" height=\"300\" src=\"https:\/\/scbcientifics.iec.cat\/wp-content\/uploads\/2021\/01\/galeriacientificsvideo-226x300.png\" class=\"attachment-medium size-medium wp-image-3198\" alt=\"\" srcset=\"https:\/\/scbcientifics.iec.cat\/wp-content\/uploads\/2021\/01\/galeriacientificsvideo-226x300.png 226w, https:\/\/scbcientifics.iec.cat\/wp-content\/uploads\/2021\/01\/galeriacientificsvideo-770x1024.png 770w, https:\/\/scbcientifics.iec.cat\/wp-content\/uploads\/2021\/01\/galeriacientificsvideo-768x1021.png 768w, https:\/\/scbcientifics.iec.cat\/wp-content\/uploads\/2021\/01\/galeriacientificsvideo.png 794w\" sizes=\"(max-width: 226px) 100vw, 226px\" \/>\t\t\t\t\t\t\t\t\t\t\t\t\t\t\t<\/div>\n\t\t\t\t<\/div>\n\t\t\t\t\t<\/div>\n\t\t<\/div>\n\t\t\t\t<div class=\"elementor-column elementor-col-25 elementor-inner-column elementor-element elementor-element-a8a1c7c\" data-id=\"a8a1c7c\" data-element_type=\"column\" data-e-type=\"column\">\n\t\t\t<div class=\"elementor-widget-wrap elementor-element-populated\">\n\t\t\t\t\t\t<div class=\"elementor-element elementor-element-d4d0530 elementor-widget elementor-widget-heading\" data-id=\"d4d0530\" data-element_type=\"widget\" data-e-type=\"widget\" data-widget_type=\"heading.default\">\n\t\t\t\t<div class=\"elementor-widget-container\">\n\t\t\t\t\t<h4 class=\"elementor-heading-title elementor-size-default\"><a href=\"https:\/\/scbcientifics.iec.cat\/en\/video-gallery\/scientists-videos\/\">Videos de cient\u00edfics<\/a><\/h4>\t\t\t\t<\/div>\n\t\t\t\t<\/div>\n\t\t\t\t<div class=\"elementor-element elementor-element-5fb638e elementor-widget elementor-widget-text-editor\" data-id=\"5fb638e\" data-element_type=\"widget\" data-e-type=\"widget\" data-widget_type=\"text-editor.default\">\n\t\t\t\t<div class=\"elementor-widget-container\">\n\t\t\t\t\t\t\t\t\t<p>Recopilaci\u00f3 de tots els v\u00eddeos de cient\u00edfics i cient\u00edfiques d&#8217;aquest web.<\/p>\n\t\t\t\t\t\t\t\t<\/div>\n\t\t\t\t<\/div>\n\t\t\t\t\t<\/div>\n\t\t<\/div>\n\t\t\t\t<div class=\"elementor-column elementor-col-25 elementor-inner-column elementor-element elementor-element-d614270\" data-id=\"d614270\" data-element_type=\"column\" data-e-type=\"column\">\n\t\t\t<div class=\"elementor-widget-wrap\">\n\t\t\t\t\t\t\t<\/div>\n\t\t<\/div>\n\t\t\t\t<div class=\"elementor-column elementor-col-25 elementor-inner-column elementor-element elementor-element-9c95687\" data-id=\"9c95687\" data-element_type=\"column\" data-e-type=\"column\">\n\t\t\t<div class=\"elementor-widget-wrap\">\n\t\t\t\t\t\t\t<\/div>\n\t\t<\/div>\n\t\t\t\t\t<\/div>\n\t\t<\/section>\n\t\t\t\t\t<\/div>\n\t\t<\/div>\n\t\t\t\t\t<\/div>\n\t\t<\/section>\n\t\t\t\t<\/div>\n\t\t","protected":false},"excerpt":{"rendered":"<p>Benvingut a la galeria de v\u00eddeos. Aqu\u00ed trobar\u00e0s una selecci\u00f3 de v\u00eddeos sobre els cient\u00edfics i cient\u00edfiques presents en aquest web. Si us plau, clica als enlla\u00e7os de sota per veure les galeries. Videos de cient\u00edfics Recopilaci\u00f3 de tots els v\u00eddeos de cient\u00edfics i cient\u00edfiques d&#8217;aquest web.<\/p>\n","protected":false},"author":1,"featured_media":0,"parent":0,"menu_order":0,"comment_status":"closed","ping_status":"closed","template":"","meta":{"_acf_changed":false,"footnotes":""},"class_list":["post-4102","page","type-page","status-publish"],"acf":[],"yoast_head":"<!-- This site is optimized with the Yoast SEO plugin v27.4 - https:\/\/yoast.com\/product\/yoast-seo-wordpress\/ -->\n<title>Video gallery &#171; Biographical Gallery of Catalan Science and Technology<\/title>\n<meta name=\"robots\" content=\"index, follow, max-snippet:-1, max-image-preview:large, max-video-preview:-1\" \/>\n<link rel=\"canonical\" href=\"https:\/\/scbcientifics.iec.cat\/en\/video-gallery\/\" \/>\n<meta property=\"og:locale\" content=\"en_US\" \/>\n<meta property=\"og:type\" content=\"article\" \/>\n<meta property=\"og:title\" content=\"Video gallery &#171; Biographical Gallery of Catalan Science and Technology\" \/>\n<meta property=\"og:description\" content=\"Benvingut a la galeria de v\u00eddeos. Aqu\u00ed trobar\u00e0s una selecci\u00f3 de v\u00eddeos sobre els cient\u00edfics i cient\u00edfiques presents en aquest web. Si us plau, clica als enlla\u00e7os de sota per veure les galeries. Videos de cient\u00edfics Recopilaci\u00f3 de tots els v\u00eddeos de cient\u00edfics i cient\u00edfiques d&#8217;aquest web.\" \/>\n<meta property=\"og:url\" content=\"https:\/\/scbcientifics.iec.cat\/en\/video-gallery\/\" \/>\n<meta property=\"og:site_name\" content=\"Biographical Gallery of Catalan Science and Technology\" \/>\n<meta property=\"article:modified_time\" content=\"2025-10-31T09:10:14+00:00\" \/>\n<meta property=\"og:image\" content=\"https:\/\/scbcientifics.iec.cat\/wp-content\/uploads\/2021\/01\/galeriacientificsvideo-226x300.png\" \/>\n<meta name=\"twitter:card\" content=\"summary_large_image\" \/>\n<meta name=\"twitter:label1\" content=\"Est. reading time\" \/>\n\t<meta name=\"twitter:data1\" content=\"1 minute\" \/>\n<script type=\"application\/ld+json\" class=\"yoast-schema-graph\">{\"@context\":\"https:\\\/\\\/schema.org\",\"@graph\":[{\"@type\":\"WebPage\",\"@id\":\"https:\\\/\\\/scbcientifics.iec.cat\\\/en\\\/video-gallery\\\/\",\"url\":\"https:\\\/\\\/scbcientifics.iec.cat\\\/en\\\/video-gallery\\\/\",\"name\":\"Video gallery &#171; Biographical Gallery of Catalan Science and Technology\",\"isPartOf\":{\"@id\":\"https:\\\/\\\/scbcientifics.iec.cat\\\/en\\\/#website\"},\"primaryImageOfPage\":{\"@id\":\"https:\\\/\\\/scbcientifics.iec.cat\\\/en\\\/video-gallery\\\/#primaryimage\"},\"image\":{\"@id\":\"https:\\\/\\\/scbcientifics.iec.cat\\\/en\\\/video-gallery\\\/#primaryimage\"},\"thumbnailUrl\":\"https:\\\/\\\/scbcientifics.iec.cat\\\/wp-content\\\/uploads\\\/2021\\\/01\\\/galeriacientificsvideo-226x300.png\",\"datePublished\":\"2021-01-28T16:39:41+00:00\",\"dateModified\":\"2025-10-31T09:10:14+00:00\",\"breadcrumb\":{\"@id\":\"https:\\\/\\\/scbcientifics.iec.cat\\\/en\\\/video-gallery\\\/#breadcrumb\"},\"inLanguage\":\"en-US\",\"potentialAction\":[{\"@type\":\"ReadAction\",\"target\":[\"https:\\\/\\\/scbcientifics.iec.cat\\\/en\\\/video-gallery\\\/\"]}]},{\"@type\":\"ImageObject\",\"inLanguage\":\"en-US\",\"@id\":\"https:\\\/\\\/scbcientifics.iec.cat\\\/en\\\/video-gallery\\\/#primaryimage\",\"url\":\"https:\\\/\\\/scbcientifics.iec.cat\\\/wp-content\\\/uploads\\\/2021\\\/01\\\/galeriacientificsvideo-226x300.png\",\"contentUrl\":\"https:\\\/\\\/scbcientifics.iec.cat\\\/wp-content\\\/uploads\\\/2021\\\/01\\\/galeriacientificsvideo-226x300.png\"},{\"@type\":\"BreadcrumbList\",\"@id\":\"https:\\\/\\\/scbcientifics.iec.cat\\\/en\\\/video-gallery\\\/#breadcrumb\",\"itemListElement\":[{\"@type\":\"ListItem\",\"position\":1,\"name\":\"Home\",\"item\":\"https:\\\/\\\/scbcientifics.iec.cat\\\/en\\\/\"},{\"@type\":\"ListItem\",\"position\":2,\"name\":\"Video gallery\"}]},{\"@type\":\"WebSite\",\"@id\":\"https:\\\/\\\/scbcientifics.iec.cat\\\/en\\\/#website\",\"url\":\"https:\\\/\\\/scbcientifics.iec.cat\\\/en\\\/\",\"name\":\"Biographical Gallery of Catalan Science and Technology\",\"description\":\"Section of Biological Sciences and Section of Sciences and Technology of the Institute of Catalan Studies\",\"publisher\":{\"@id\":\"https:\\\/\\\/scbcientifics.iec.cat\\\/en\\\/#organization\"},\"potentialAction\":[{\"@type\":\"SearchAction\",\"target\":{\"@type\":\"EntryPoint\",\"urlTemplate\":\"https:\\\/\\\/scbcientifics.iec.cat\\\/en\\\/?s={search_term_string}\"},\"query-input\":{\"@type\":\"PropertyValueSpecification\",\"valueRequired\":true,\"valueName\":\"search_term_string\"}}],\"inLanguage\":\"en-US\"},{\"@type\":\"Organization\",\"@id\":\"https:\\\/\\\/scbcientifics.iec.cat\\\/en\\\/#organization\",\"name\":\"Galer\u00eda de cient\u00edfics catalans\",\"url\":\"https:\\\/\\\/scbcientifics.iec.cat\\\/en\\\/\",\"logo\":{\"@type\":\"ImageObject\",\"inLanguage\":\"en-US\",\"@id\":\"https:\\\/\\\/scbcientifics.iec.cat\\\/en\\\/#\\\/schema\\\/logo\\\/image\\\/\",\"url\":\"https:\\\/\\\/scbcientifics.iec.cat\\\/wp-content\\\/uploads\\\/2020\\\/12\\\/galeria-cientifics-catalans.png\",\"contentUrl\":\"https:\\\/\\\/scbcientifics.iec.cat\\\/wp-content\\\/uploads\\\/2020\\\/12\\\/galeria-cientifics-catalans.png\",\"width\":353,\"height\":93,\"caption\":\"Galer\u00eda de cient\u00edfics catalans\"},\"image\":{\"@id\":\"https:\\\/\\\/scbcientifics.iec.cat\\\/en\\\/#\\\/schema\\\/logo\\\/image\\\/\"}}]}<\/script>\n<!-- \/ Yoast SEO plugin. -->","yoast_head_json":{"title":"Video gallery &#171; Biographical Gallery of Catalan Science and Technology","robots":{"index":"index","follow":"follow","max-snippet":"max-snippet:-1","max-image-preview":"max-image-preview:large","max-video-preview":"max-video-preview:-1"},"canonical":"https:\/\/scbcientifics.iec.cat\/en\/video-gallery\/","og_locale":"en_US","og_type":"article","og_title":"Video gallery &#171; Biographical Gallery of Catalan Science and Technology","og_description":"Benvingut a la galeria de v\u00eddeos. Aqu\u00ed trobar\u00e0s una selecci\u00f3 de v\u00eddeos sobre els cient\u00edfics i cient\u00edfiques presents en aquest web. Si us plau, clica als enlla\u00e7os de sota per veure les galeries. Videos de cient\u00edfics Recopilaci\u00f3 de tots els v\u00eddeos de cient\u00edfics i cient\u00edfiques d&#8217;aquest web.","og_url":"https:\/\/scbcientifics.iec.cat\/en\/video-gallery\/","og_site_name":"Biographical Gallery of Catalan Science and Technology","article_modified_time":"2025-10-31T09:10:14+00:00","og_image":[{"url":"https:\/\/scbcientifics.iec.cat\/wp-content\/uploads\/2021\/01\/galeriacientificsvideo-226x300.png","type":"","width":"","height":""}],"twitter_card":"summary_large_image","twitter_misc":{"Est. reading time":"1 minute"},"schema":{"@context":"https:\/\/schema.org","@graph":[{"@type":"WebPage","@id":"https:\/\/scbcientifics.iec.cat\/en\/video-gallery\/","url":"https:\/\/scbcientifics.iec.cat\/en\/video-gallery\/","name":"Video gallery &#171; Biographical Gallery of Catalan Science and Technology","isPartOf":{"@id":"https:\/\/scbcientifics.iec.cat\/en\/#website"},"primaryImageOfPage":{"@id":"https:\/\/scbcientifics.iec.cat\/en\/video-gallery\/#primaryimage"},"image":{"@id":"https:\/\/scbcientifics.iec.cat\/en\/video-gallery\/#primaryimage"},"thumbnailUrl":"https:\/\/scbcientifics.iec.cat\/wp-content\/uploads\/2021\/01\/galeriacientificsvideo-226x300.png","datePublished":"2021-01-28T16:39:41+00:00","dateModified":"2025-10-31T09:10:14+00:00","breadcrumb":{"@id":"https:\/\/scbcientifics.iec.cat\/en\/video-gallery\/#breadcrumb"},"inLanguage":"en-US","potentialAction":[{"@type":"ReadAction","target":["https:\/\/scbcientifics.iec.cat\/en\/video-gallery\/"]}]},{"@type":"ImageObject","inLanguage":"en-US","@id":"https:\/\/scbcientifics.iec.cat\/en\/video-gallery\/#primaryimage","url":"https:\/\/scbcientifics.iec.cat\/wp-content\/uploads\/2021\/01\/galeriacientificsvideo-226x300.png","contentUrl":"https:\/\/scbcientifics.iec.cat\/wp-content\/uploads\/2021\/01\/galeriacientificsvideo-226x300.png"},{"@type":"BreadcrumbList","@id":"https:\/\/scbcientifics.iec.cat\/en\/video-gallery\/#breadcrumb","itemListElement":[{"@type":"ListItem","position":1,"name":"Home","item":"https:\/\/scbcientifics.iec.cat\/en\/"},{"@type":"ListItem","position":2,"name":"Video gallery"}]},{"@type":"WebSite","@id":"https:\/\/scbcientifics.iec.cat\/en\/#website","url":"https:\/\/scbcientifics.iec.cat\/en\/","name":"Biographical Gallery of Catalan Science and Technology","description":"Section of Biological Sciences and Section of Sciences and Technology of the Institute of Catalan Studies","publisher":{"@id":"https:\/\/scbcientifics.iec.cat\/en\/#organization"},"potentialAction":[{"@type":"SearchAction","target":{"@type":"EntryPoint","urlTemplate":"https:\/\/scbcientifics.iec.cat\/en\/?s={search_term_string}"},"query-input":{"@type":"PropertyValueSpecification","valueRequired":true,"valueName":"search_term_string"}}],"inLanguage":"en-US"},{"@type":"Organization","@id":"https:\/\/scbcientifics.iec.cat\/en\/#organization","name":"Galer\u00eda de cient\u00edfics catalans","url":"https:\/\/scbcientifics.iec.cat\/en\/","logo":{"@type":"ImageObject","inLanguage":"en-US","@id":"https:\/\/scbcientifics.iec.cat\/en\/#\/schema\/logo\/image\/","url":"https:\/\/scbcientifics.iec.cat\/wp-content\/uploads\/2020\/12\/galeria-cientifics-catalans.png","contentUrl":"https:\/\/scbcientifics.iec.cat\/wp-content\/uploads\/2020\/12\/galeria-cientifics-catalans.png","width":353,"height":93,"caption":"Galer\u00eda de cient\u00edfics catalans"},"image":{"@id":"https:\/\/scbcientifics.iec.cat\/en\/#\/schema\/logo\/image\/"}}]}},"_links":{"self":[{"href":"https:\/\/scbcientifics.iec.cat\/en\/wp-json\/wp\/v2\/pages\/4102","targetHints":{"allow":["GET"]}}],"collection":[{"href":"https:\/\/scbcientifics.iec.cat\/en\/wp-json\/wp\/v2\/pages"}],"about":[{"href":"https:\/\/scbcientifics.iec.cat\/en\/wp-json\/wp\/v2\/types\/page"}],"author":[{"embeddable":true,"href":"https:\/\/scbcientifics.iec.cat\/en\/wp-json\/wp\/v2\/users\/1"}],"replies":[{"embeddable":true,"href":"https:\/\/scbcientifics.iec.cat\/en\/wp-json\/wp\/v2\/comments?post=4102"}],"version-history":[{"count":6,"href":"https:\/\/scbcientifics.iec.cat\/en\/wp-json\/wp\/v2\/pages\/4102\/revisions"}],"predecessor-version":[{"id":5294,"href":"https:\/\/scbcientifics.iec.cat\/en\/wp-json\/wp\/v2\/pages\/4102\/revisions\/5294"}],"wp:attachment":[{"href":"https:\/\/scbcientifics.iec.cat\/en\/wp-json\/wp\/v2\/media?parent=4102"}],"curies":[{"name":"wp","href":"https:\/\/api.w.org\/{rel}","templated":true}]}}