{"id":4098,"date":"2021-01-28T17:57:07","date_gmt":"2021-01-28T16:57:07","guid":{"rendered":"https:\/\/scbcientifics.iec.cat\/videos-de-cientifics\/"},"modified":"2021-03-31T09:08:53","modified_gmt":"2021-03-31T07:08:53","slug":"scientists-videos","status":"publish","type":"page","link":"https:\/\/scbcientifics.iec.cat\/en\/video-gallery\/scientists-videos\/","title":{"rendered":"Scientists videos"},"content":{"rendered":"\t\t<div data-elementor-type=\"wp-page\" data-elementor-id=\"4098\" class=\"elementor elementor-4098 elementor-3213\" data-elementor-post-type=\"page\">\n\t\t\t\t\t\t<section class=\"elementor-section elementor-top-section elementor-element elementor-element-b03a486 elementor-section-boxed elementor-section-height-default elementor-section-height-default\" data-id=\"b03a486\" data-element_type=\"section\" data-e-type=\"section\">\n\t\t\t\t\t\t<div class=\"elementor-container elementor-column-gap-default\">\n\t\t\t\t\t<div class=\"elementor-column elementor-col-100 elementor-top-column elementor-element elementor-element-cb51b01\" data-id=\"cb51b01\" data-element_type=\"column\" data-e-type=\"column\">\n\t\t\t<div class=\"elementor-widget-wrap elementor-element-populated\">\n\t\t\t\t\t\t<div class=\"elementor-element elementor-element-92cd4dd elementor-widget elementor-widget-shortcode\" data-id=\"92cd4dd\" data-element_type=\"widget\" data-e-type=\"widget\" data-widget_type=\"shortcode.default\">\n\t\t\t\t<div class=\"elementor-widget-container\">\n\t\t\t\t\t\t\t<div class=\"elementor-shortcode\"><div id=\"galeria-videos\"><div class=\"slot-video\"><h5>Scientist: Par\u00e9s Farr\u00e0s, Ramon<\/h4><h4 class=\"primary\">15 minuts amb... Ramon Par\u00e9s i Farr\u00e0s<\/h4><p>Interview with Ram\u00f3n Par\u00e9s i Farr\u00e0s, Professor Emeritus of Microbiology at the University of Barcelona, \u200b\u200bby Joan Jofre i Torroella, Professor Emeritus of Microbiology at the UB and disciple of Professor Par\u00e9s. In the conversation, Dr. Par\u00e9s, dean of the Faculty of Biology, between 1968 and 1973, spoke about various aspects of his professional and teaching life. The interview takes place in the Auditorium of the Historic Building, on May 30, 2013. Language: CAT<\/p><div><a href=\"https:\/\/www.ub.edu\/ubtv\/es\/video\/15-minuts-ambramon-pares\" target=\"_blank\">15 minuts amb... Ramon Par\u00e9s i Farr\u00e0s<\/a>\r\n<\/div><\/div><div class=\"slot-video\"><h5>Scientist: Reguant Serra, Salvador<\/h4><h4 class=\"primary\">15 minuts amb... Salvador Reguant<\/h4><p>Interview with Salvador Reguant, professor at the Department of Stratigraphy, Palaeontology and Marine Geosciences at the Faculty of Geology of the University of Barcelona (UB), by Mariano Marzo, professor at the Department of Stratigraphy, Palaeontology and Marine Geosciences at UB.   Language: CAT<\/p><div><a href=\"https:\/\/www.ub.edu\/ubtv\/es\/video\/15-minuts-amb-salvador-reguant\" target=\"_blank\">15 minuts amb... Salvador Reguant<\/a><\/div><\/div><div class=\"slot-video\"><h5>Scientist: Sierra R\u00e0fols, Eugeni<\/h4><h4 class=\"primary\">Bot\u00e0nica \u00edntima<\/h4><p>Bot&agrave;nica &iacute;ntima, audiovisual of the exhibition Descobrir Eugeni Sierra: les passes d&#39;un il&middot;lustrador internacional.   Language: CAT  Subtitles: ESP, ENG <\/p><div><iframe src=\"\/\/player.vimeo.com\/video\/26807051\" width=\"940\" height=\"529\" frameborder=\"0\" webkitallowfullscreen mozallowfullscreen allowfullscreen><\/iframe> <p><a href=\"http:\/\/vimeo.com\/26807051\">Bot\u00e0nica \u00edntima EUGENI SIERRA<\/a> from <a href=\"http:\/\/vimeo.com\/user592860\">Miguel Figuerola<\/a> on <a href=\"https:\/\/vimeo.com\">Vimeo<\/a>.<\/p><\/div><\/div><div class=\"slot-video\"><h5>Scientist: Sabater Pi, Jordi<\/h4><h4 class=\"primary\">Dr. Jordi Sabater Pi. Una vida dedicada a la naturaleza y a la investigaci\u00f3n<\/h4><p>Dr. Jordi Sabater Pi. Una vida dedicada a la naturaleza y a la investigaci&oacute;n. University of Barcelona   Language: CAT<\/p><div><iframe width=\"960\" height=\"540\" src=\"\/\/www.youtube.com\/embed\/QIdeAXI_AlI\" frameborder=\"0\" allowfullscreen><\/iframe><\/div><\/div><\/div><\/div>\n\t\t\t\t\t\t<\/div>\n\t\t\t\t<\/div>\n\t\t\t\t\t<\/div>\n\t\t<\/div>\n\t\t\t\t\t<\/div>\n\t\t<\/section>\n\t\t\t\t<\/div>\n\t\t","protected":false},"excerpt":{"rendered":"","protected":false},"author":1,"featured_media":0,"parent":4102,"menu_order":0,"comment_status":"closed","ping_status":"closed","template":"","meta":{"_acf_changed":false,"footnotes":""},"class_list":["post-4098","page","type-page","status-publish","hentry"],"acf":[],"yoast_head":"<!-- This site is optimized with the Yoast SEO plugin v27.3 - https:\/\/yoast.com\/product\/yoast-seo-wordpress\/ -->\n<title>Scientists videos &#171; Biographical Gallery of Catalan Science and Technology<\/title>\n<meta name=\"robots\" content=\"index, follow, max-snippet:-1, max-image-preview:large, max-video-preview:-1\" \/>\n<link rel=\"canonical\" href=\"https:\/\/scbcientifics.iec.cat\/en\/video-gallery\/scientists-videos\/\" \/>\n<meta property=\"og:locale\" content=\"en_US\" \/>\n<meta property=\"og:type\" content=\"article\" \/>\n<meta property=\"og:title\" content=\"Scientists videos &#171; Biographical Gallery of Catalan Science and Technology\" \/>\n<meta property=\"og:url\" content=\"https:\/\/scbcientifics.iec.cat\/en\/video-gallery\/scientists-videos\/\" \/>\n<meta property=\"og:site_name\" content=\"Biographical Gallery of Catalan Science and Technology\" \/>\n<meta property=\"article:modified_time\" content=\"2021-03-31T07:08:53+00:00\" \/>\n<meta name=\"twitter:card\" content=\"summary_large_image\" \/>\n<meta name=\"twitter:label1\" content=\"Est. reading time\" \/>\n\t<meta name=\"twitter:data1\" content=\"1 minute\" \/>\n<script type=\"application\/ld+json\" class=\"yoast-schema-graph\">{\"@context\":\"https:\\\/\\\/schema.org\",\"@graph\":[{\"@type\":\"WebPage\",\"@id\":\"https:\\\/\\\/scbcientifics.iec.cat\\\/en\\\/video-gallery\\\/scientists-videos\\\/\",\"url\":\"https:\\\/\\\/scbcientifics.iec.cat\\\/en\\\/video-gallery\\\/scientists-videos\\\/\",\"name\":\"Scientists videos &#171; Biographical Gallery of Catalan Science and Technology\",\"isPartOf\":{\"@id\":\"https:\\\/\\\/scbcientifics.iec.cat\\\/en\\\/#website\"},\"datePublished\":\"2021-01-28T16:57:07+00:00\",\"dateModified\":\"2021-03-31T07:08:53+00:00\",\"breadcrumb\":{\"@id\":\"https:\\\/\\\/scbcientifics.iec.cat\\\/en\\\/video-gallery\\\/scientists-videos\\\/#breadcrumb\"},\"inLanguage\":\"en-US\",\"potentialAction\":[{\"@type\":\"ReadAction\",\"target\":[\"https:\\\/\\\/scbcientifics.iec.cat\\\/en\\\/video-gallery\\\/scientists-videos\\\/\"]}]},{\"@type\":\"BreadcrumbList\",\"@id\":\"https:\\\/\\\/scbcientifics.iec.cat\\\/en\\\/video-gallery\\\/scientists-videos\\\/#breadcrumb\",\"itemListElement\":[{\"@type\":\"ListItem\",\"position\":1,\"name\":\"Home\",\"item\":\"https:\\\/\\\/scbcientifics.iec.cat\\\/en\\\/\"},{\"@type\":\"ListItem\",\"position\":2,\"name\":\"Video gallery\",\"item\":\"https:\\\/\\\/scbcientifics.iec.cat\\\/en\\\/video-gallery\\\/\"},{\"@type\":\"ListItem\",\"position\":3,\"name\":\"Scientists videos\"}]},{\"@type\":\"WebSite\",\"@id\":\"https:\\\/\\\/scbcientifics.iec.cat\\\/en\\\/#website\",\"url\":\"https:\\\/\\\/scbcientifics.iec.cat\\\/en\\\/\",\"name\":\"Biographical Gallery of Catalan Science and Technology\",\"description\":\"Section of Biological Sciences and Section of Sciences and Technology of the Institute of Catalan Studies\",\"publisher\":{\"@id\":\"https:\\\/\\\/scbcientifics.iec.cat\\\/en\\\/#organization\"},\"potentialAction\":[{\"@type\":\"SearchAction\",\"target\":{\"@type\":\"EntryPoint\",\"urlTemplate\":\"https:\\\/\\\/scbcientifics.iec.cat\\\/en\\\/?s={search_term_string}\"},\"query-input\":{\"@type\":\"PropertyValueSpecification\",\"valueRequired\":true,\"valueName\":\"search_term_string\"}}],\"inLanguage\":\"en-US\"},{\"@type\":\"Organization\",\"@id\":\"https:\\\/\\\/scbcientifics.iec.cat\\\/en\\\/#organization\",\"name\":\"Galer\u00eda de cient\u00edfics catalans\",\"url\":\"https:\\\/\\\/scbcientifics.iec.cat\\\/en\\\/\",\"logo\":{\"@type\":\"ImageObject\",\"inLanguage\":\"en-US\",\"@id\":\"https:\\\/\\\/scbcientifics.iec.cat\\\/en\\\/#\\\/schema\\\/logo\\\/image\\\/\",\"url\":\"https:\\\/\\\/scbcientifics.iec.cat\\\/wp-content\\\/uploads\\\/2020\\\/12\\\/galeria-cientifics-catalans.png\",\"contentUrl\":\"https:\\\/\\\/scbcientifics.iec.cat\\\/wp-content\\\/uploads\\\/2020\\\/12\\\/galeria-cientifics-catalans.png\",\"width\":353,\"height\":93,\"caption\":\"Galer\u00eda de cient\u00edfics catalans\"},\"image\":{\"@id\":\"https:\\\/\\\/scbcientifics.iec.cat\\\/en\\\/#\\\/schema\\\/logo\\\/image\\\/\"}}]}<\/script>\n<!-- \/ Yoast SEO plugin. -->","yoast_head_json":{"title":"Scientists videos &#171; Biographical Gallery of Catalan Science and Technology","robots":{"index":"index","follow":"follow","max-snippet":"max-snippet:-1","max-image-preview":"max-image-preview:large","max-video-preview":"max-video-preview:-1"},"canonical":"https:\/\/scbcientifics.iec.cat\/en\/video-gallery\/scientists-videos\/","og_locale":"en_US","og_type":"article","og_title":"Scientists videos &#171; Biographical Gallery of Catalan Science and Technology","og_url":"https:\/\/scbcientifics.iec.cat\/en\/video-gallery\/scientists-videos\/","og_site_name":"Biographical Gallery of Catalan Science and Technology","article_modified_time":"2021-03-31T07:08:53+00:00","twitter_card":"summary_large_image","twitter_misc":{"Est. reading time":"1 minute"},"schema":{"@context":"https:\/\/schema.org","@graph":[{"@type":"WebPage","@id":"https:\/\/scbcientifics.iec.cat\/en\/video-gallery\/scientists-videos\/","url":"https:\/\/scbcientifics.iec.cat\/en\/video-gallery\/scientists-videos\/","name":"Scientists videos &#171; Biographical Gallery of Catalan Science and Technology","isPartOf":{"@id":"https:\/\/scbcientifics.iec.cat\/en\/#website"},"datePublished":"2021-01-28T16:57:07+00:00","dateModified":"2021-03-31T07:08:53+00:00","breadcrumb":{"@id":"https:\/\/scbcientifics.iec.cat\/en\/video-gallery\/scientists-videos\/#breadcrumb"},"inLanguage":"en-US","potentialAction":[{"@type":"ReadAction","target":["https:\/\/scbcientifics.iec.cat\/en\/video-gallery\/scientists-videos\/"]}]},{"@type":"BreadcrumbList","@id":"https:\/\/scbcientifics.iec.cat\/en\/video-gallery\/scientists-videos\/#breadcrumb","itemListElement":[{"@type":"ListItem","position":1,"name":"Home","item":"https:\/\/scbcientifics.iec.cat\/en\/"},{"@type":"ListItem","position":2,"name":"Video gallery","item":"https:\/\/scbcientifics.iec.cat\/en\/video-gallery\/"},{"@type":"ListItem","position":3,"name":"Scientists videos"}]},{"@type":"WebSite","@id":"https:\/\/scbcientifics.iec.cat\/en\/#website","url":"https:\/\/scbcientifics.iec.cat\/en\/","name":"Biographical Gallery of Catalan Science and Technology","description":"Section of Biological Sciences and Section of Sciences and Technology of the Institute of Catalan Studies","publisher":{"@id":"https:\/\/scbcientifics.iec.cat\/en\/#organization"},"potentialAction":[{"@type":"SearchAction","target":{"@type":"EntryPoint","urlTemplate":"https:\/\/scbcientifics.iec.cat\/en\/?s={search_term_string}"},"query-input":{"@type":"PropertyValueSpecification","valueRequired":true,"valueName":"search_term_string"}}],"inLanguage":"en-US"},{"@type":"Organization","@id":"https:\/\/scbcientifics.iec.cat\/en\/#organization","name":"Galer\u00eda de cient\u00edfics catalans","url":"https:\/\/scbcientifics.iec.cat\/en\/","logo":{"@type":"ImageObject","inLanguage":"en-US","@id":"https:\/\/scbcientifics.iec.cat\/en\/#\/schema\/logo\/image\/","url":"https:\/\/scbcientifics.iec.cat\/wp-content\/uploads\/2020\/12\/galeria-cientifics-catalans.png","contentUrl":"https:\/\/scbcientifics.iec.cat\/wp-content\/uploads\/2020\/12\/galeria-cientifics-catalans.png","width":353,"height":93,"caption":"Galer\u00eda de cient\u00edfics catalans"},"image":{"@id":"https:\/\/scbcientifics.iec.cat\/en\/#\/schema\/logo\/image\/"}}]}},"_links":{"self":[{"href":"https:\/\/scbcientifics.iec.cat\/en\/wp-json\/wp\/v2\/pages\/4098","targetHints":{"allow":["GET"]}}],"collection":[{"href":"https:\/\/scbcientifics.iec.cat\/en\/wp-json\/wp\/v2\/pages"}],"about":[{"href":"https:\/\/scbcientifics.iec.cat\/en\/wp-json\/wp\/v2\/types\/page"}],"author":[{"embeddable":true,"href":"https:\/\/scbcientifics.iec.cat\/en\/wp-json\/wp\/v2\/users\/1"}],"replies":[{"embeddable":true,"href":"https:\/\/scbcientifics.iec.cat\/en\/wp-json\/wp\/v2\/comments?post=4098"}],"version-history":[{"count":2,"href":"https:\/\/scbcientifics.iec.cat\/en\/wp-json\/wp\/v2\/pages\/4098\/revisions"}],"predecessor-version":[{"id":4376,"href":"https:\/\/scbcientifics.iec.cat\/en\/wp-json\/wp\/v2\/pages\/4098\/revisions\/4376"}],"up":[{"embeddable":true,"href":"https:\/\/scbcientifics.iec.cat\/en\/wp-json\/wp\/v2\/pages\/4102"}],"wp:attachment":[{"href":"https:\/\/scbcientifics.iec.cat\/en\/wp-json\/wp\/v2\/media?parent=4098"}],"curies":[{"name":"wp","href":"https:\/\/api.w.org\/{rel}","templated":true}]}}